{"id":1973,"date":"2023-08-22T07:18:37","date_gmt":"2023-08-22T07:18:37","guid":{"rendered":"https:\/\/galaxytours.com.tr\/about\/"},"modified":"2024-04-28T19:02:14","modified_gmt":"2024-04-28T19:02:14","slug":"about","status":"publish","type":"page","link":"https:\/\/galaxytours.com.tr\/tr\/about\/","title":{"rendered":"About"},"content":{"rendered":"\n<div class=\"wp-block-uagb-container uagb-block-ad39d8c1 alignfull uagb-is-root-container\"><div class=\"uagb-container-inner-blocks-wrap\">\n<div class=\"wp-block-uagb-info-box uagb-block-0eab1ec7 uagb-infobox__content-wrap  uagb-infobox-icon-above-title uagb-infobox-image-valign-top\"><div class=\"uagb-ifb-content\"><div class=\"uagb-ifb-title-wrap\"><span class=\"uagb-ifb-title-prefix\">Seyahat Acentesi<\/span><h1 class=\"uagb-ifb-title\">Galaxy Tours ile Seyahat Deneyimleri<\/h1><\/div><div class=\"uagb-ifb-button-wrapper wp-block-button\"><a href=\"contact\/\" class=\"uagb-infobox-cta-link wp-block-button__link\" target=\"_self\" rel=\"noopener noreferrer\" onclick=\"return true;\" alt=\"\"><span class=\"uagb-inline-editing\">Ke\u015ffetmeye Ba\u015fla<\/span><\/a><\/div><\/div><\/div>\n<\/div><\/div>\n\n\n\n<div class=\"wp-block-uagb-container uagb-block-a6495e1e alignfull uagb-is-root-container\"><div class=\"uagb-container-inner-blocks-wrap\">\n<div class=\"wp-block-uagb-info-box uagb-block-cd1cba78 uagb-infobox__content-wrap  uagb-infobox-icon-above-title uagb-infobox-image-valign-top\"><div class=\"uagb-ifb-content\"><div class=\"uagb-ifb-title-wrap\"><span class=\"uagb-ifb-title-prefix\">Misafirperverlik ve Deneyim<\/span><h2 class=\"uagb-ifb-title\">Galaxy Tours, unutulmaz tatil deneyimleri yaratmaya \u00f6zel olarak uzmanla\u015fm\u0131\u015f \u00f6nc\u00fc bir seyahat acentesidir. Trabzon, T\u00fcrkiye&#8217;de bulunan ekibimiz, her m\u00fc\u015fterinin istekleri ve b\u00fct\u00e7esine uygun \u00f6zelle\u015ftirilmi\u015f seyahat planlar\u0131 olu\u015fturur. Ola\u011fan\u00fcst\u00fc m\u00fc\u015fteri hizmetlerine ve detaylara \u00f6nem veren Galaxy Tours, d\u00fcnyan\u0131n d\u00f6rt bir yan\u0131ndaki destinasyonlarda macera ve dinlenmeyi arayan bireyler ve aileler i\u00e7in sorunsuz seyahat d\u00fczenlemelerini sa\u011flar. Galaxy Tours, seyahat end\u00fcstrisinde g\u00fcvenilir bir isim olmu\u015f olup, m\u00fc\u015fterilere kolayl\u0131k ve huzur i\u00e7inde hayallerindeki tatillere \u00e7\u0131kmalar\u0131na yard\u0131mc\u0131 olmaktad\u0131r.<\/h2><\/div><\/div><\/div>\n<\/div><\/div>\n\n\n\n<div class=\"wp-block-uagb-container uagb-block-79863db8 alignfull uagb-is-root-container\"><div class=\"uagb-container-inner-blocks-wrap\">\n<div class=\"wp-block-uagb-image alignleft uagb-block-11c10002 wp-block-uagb-image--layout-default wp-block-uagb-image--effect-static wp-block-uagb-image--align-left\"><figure class=\"wp-block-uagb-image__figure\"><img decoding=\"async\" srcset=\"https:\/\/galaxytours.com.tr\/wp-content\/uploads\/2024\/04\/pexels-photo-14068761.jpeg \" sizes=\"(max-width: 480px) 150px\" src=\"https:\/\/galaxytours.com.tr\/wp-content\/uploads\/2024\/04\/pexels-photo-14068761.jpeg\" alt=\"\" class=\"uag-image-1419\" width=\"560\" height=\"400\" title=\"\" loading=\"lazy\" role=\"img\"\/><\/figure><\/div>\n\n\n\n<div class=\"wp-block-uagb-info-box uagb-block-2b4992c7 uagb-infobox__content-wrap  uagb-infobox-icon-above-title uagb-infobox-image-valign-top\"><div class=\"uagb-ifb-content\"><div class=\"uagb-ifb-title-wrap\"><h3 class=\"uagb-ifb-title\">Galaxy Tours, geni\u015f bir m\u00fc\u015fteri portf\u00f6y\u00fcne hizmet vermektedir. Bireysel seyyahlar, aileler ve i\u015f gruplar\u0131 da dahil olmak \u00fczere \u00e7e\u015fitli m\u00fc\u015fteri gruplar\u0131na \u00f6zel seyahat hizmetleri sunmaktad\u0131r.<\/h3><\/div><p class=\"uagb-ifb-desc\">Galaxy Tours ekibi, seyahat end\u00fcstrisinde deneyimli ve tutkulu profesyonellerden olu\u015fmaktad\u0131r. \u015eirketimiz, kazand\u0131\u011f\u0131 \u00f6d\u00fcllerle de sekt\u00f6rdeki ba\u015far\u0131s\u0131n\u0131 kan\u0131tlam\u0131\u015ft\u0131r.<\/p><\/div><\/div>\n<\/div><\/div>\n\n\n\n<div class=\"wp-block-uagb-container uagb-block-421a423e alignfull uagb-is-root-container\"><div class=\"uagb-container-inner-blocks-wrap\">\n<div class=\"wp-block-uagb-info-box uagb-block-ebadaf87 uagb-infobox__content-wrap  uagb-infobox-icon-above-title uagb-infobox-image-valign-top\"><div class=\"uagb-ifb-content\"><div class=\"uagb-ifb-title-wrap\"><span class=\"uagb-ifb-title-prefix\">K\u00f6kl\u00fc Tarih<\/span><h2 class=\"uagb-ifb-title\">Galaxy Tours&#8217;un Zengin Tarihi ve Miras\u0131<\/h2><\/div><\/div><\/div>\n\n\n\n<div class=\"wp-block-uagb-container uagb-block-c8b3938c\">\n<div class=\"wp-block-uagb-container uagb-block-adb87d31\">\n<div class=\"wp-block-uagb-image alignleft uagb-block-f1a57d28 wp-block-uagb-image--layout-default wp-block-uagb-image--effect-static wp-block-uagb-image--align-left\"><figure class=\"wp-block-uagb-image__figure\"><img decoding=\"async\" srcset=\"https:\/\/galaxytours.com.tr\/wp-content\/uploads\/2024\/04\/pexels-photo-19892476.jpeg ,https:\/\/hotel-bnb-2.ziptemplates.top\/wp-content\/uploads\/2023\/08\/about-vision-300x150.jpg 780w, https:\/\/hotel-bnb-2.ziptemplates.top\/wp-content\/uploads\/2023\/08\/about-vision-300x150.jpg 360w\" sizes=\"(max-width: 480px) 150px\" src=\"https:\/\/galaxytours.com.tr\/wp-content\/uploads\/2024\/04\/pexels-photo-19892476.jpeg\" alt=\"\" class=\"uag-image-1420\" width=\"600\" height=\"400\" title=\"\" loading=\"lazy\" role=\"img\"\/><\/figure><\/div>\n<\/div>\n\n\n\n<div class=\"wp-block-uagb-container uagb-block-6ed12ee3\">\n<div class=\"wp-block-uagb-advanced-heading uagb-block-d8d3a403\"><h3 class=\"uagb-heading-text\">\u015eirket Miras\u0131<\/h3><p class=\"uagb-desc-text\">Galaxy Tours, seyahat sekt\u00f6r\u00fcnde b\u0131rakt\u0131\u011f\u0131 iz ve m\u00fc\u015fteri memnuniyetiyle kal\u0131c\u0131 bir miras olu\u015fturmu\u015ftur. Ge\u00e7mi\u015ften bug\u00fcne ta\u015f\u0131d\u0131\u011f\u0131 ba\u015far\u0131larla sekt\u00f6rde \u00f6ne \u00e7\u0131kmaktad\u0131r.<\/p><\/div>\n\n\n\n<div class=\"wp-block-uagb-advanced-heading uagb-block-d6715c24\"><p class=\"uagb-desc-text\">Galaxy Tours&#8217;un vizyonu, m\u00fc\u015fterilerine en iyi seyahat deneyimlerini sunmak ve her yolcuyu \u00f6zel hissettirmektir. \u0130leriye d\u00f6n\u00fck hedefi, sekt\u00f6rdeki lider konumunu s\u00fcrd\u00fcrerek kaliteli hizmet anlay\u0131\u015f\u0131n\u0131 devam ettirmektir.<\/p><\/div>\n<\/div>\n<\/div>\n<\/div><\/div>\n\n\n\n<div class=\"wp-block-uagb-container uagb-block-625fb0d3 alignfull uagb-is-root-container\"><div class=\"uagb-container__video-wrap\"><video autoplay loop muted playsinline><source src=\"https:\/\/galaxytours.com.tr\/wp-content\/uploads\/2024\/04\/Untitled-design.mp4\" type=\"video\/mp4\"\/><\/video><\/div><div class=\"uagb-container-inner-blocks-wrap\">\n<div class=\"wp-block-uagb-info-box uagb-block-bff49d32 uagb-infobox__content-wrap  uagb-infobox-icon-above-title uagb-infobox-image-valign-top\"><div class=\"uagb-ifb-content\"><div class=\"uagb-ifb-title-wrap\"><span class=\"uagb-ifb-title-prefix\">\u00d6zel \u0130ndirim F\u0131rsat\u0131<\/span><h2 class=\"uagb-ifb-title\">Sadece \u015eimdi Ge\u00e7erli \u00d6zel \u0130ndirimlerden Faydalan\u0131n<\/h2><\/div><\/div><\/div>\n\n\n\n<div class=\"wp-block-uagb-container uagb-block-21080981\">\n<div class=\"wp-block-uagb-container uagb-block-9c0f7461\">\n<div class=\"wp-block-uagb-advanced-heading uagb-block-79c63245\"><h2 class=\"uagb-heading-text\">35%<\/h2><\/div>\n<\/div>\n\n\n\n<div class=\"wp-block-uagb-container uagb-block-e29aff40\">\n<div class=\"wp-block-uagb-advanced-heading uagb-block-4135ca9a\"><h3 class=\"uagb-heading-text\">K\u0131sa bir \u0130ndirim Ba\u015fl\u0131\u011f\u0131 Yaz\u0131n<\/h3><\/div>\n<\/div>\n<\/div>\n\n\n\n<div class=\"wp-block-uagb-buttons uagb-buttons__outer-wrap uagb-btn__default-btn uagb-btn-tablet__default-btn uagb-btn-mobile__default-btn uagb-block-265aa9c9\"><div class=\"uagb-buttons__wrap uagb-buttons-layout-wrap \">\n<div class=\"wp-block-uagb-buttons-child uagb-buttons__outer-wrap uagb-block-ff102d9c wp-block-button\"><div class=\"uagb-button__wrapper\"><a class=\"uagb-buttons-repeater wp-block-button__link\" aria-label=\"\" href=\"contact\/\" rel=\"follow noopener\" target=\"_self\"><div class=\"uagb-button__link\">Ke\u015ffetmeye Ba\u015fla<\/div><\/a><\/div><\/div>\n<\/div><\/div>\n<\/div><\/div>\n","protected":false},"excerpt":{"rendered":"<p>\u015eirket Miras\u0131 Galaxy Tours, seyahat sekt\u00f6r\u00fcnde b\u0131rakt\u0131\u011f\u0131 iz ve m\u00fc\u015fteri memnuniyetiyle kal\u0131c\u0131 bir miras olu\u015fturmu\u015ftur. Ge\u00e7mi\u015ften bug\u00fcne ta\u015f\u0131d\u0131\u011f\u0131 ba\u015far\u0131larla sekt\u00f6rde [&hellip;]<\/p>\n","protected":false},"author":1,"featured_media":0,"parent":0,"menu_order":0,"comment_status":"closed","ping_status":"closed","template":"","meta":{"_uag_custom_page_level_css":"","site-sidebar-layout":"default","site-content-layout":"","ast-site-content-layout":"normal-width-container","site-content-style":"default","site-sidebar-style":"default","ast-global-header-display":"","ast-banner-title-visibility":"disabled","ast-main-header-display":"","ast-hfb-above-header-display":"","ast-hfb-below-header-display":"","ast-hfb-mobile-header-display":"","site-post-title":"disabled","ast-breadcrumbs-content":"","ast-featured-img":"","footer-sml-layout":"","theme-transparent-header-meta":"enabled","adv-header-id-meta":"","stick-header-meta":"","header-above-stick-meta":"","header-main-stick-meta":"","header-below-stick-meta":"","astra-migrate-meta-layouts":"default","ast-page-background-enabled":"default","ast-page-background-meta":{"desktop":{"background-color":"var(--ast-global-color-4)","background-image":"","background-repeat":"repeat","background-position":"center center","background-size":"auto","background-attachment":"scroll","background-type":"","background-media":"","overlay-type":"","overlay-color":"","overlay-gradient":""},"tablet":{"background-color":"","background-image":"","background-repeat":"repeat","background-position":"center center","background-size":"auto","background-attachment":"scroll","background-type":"","background-media":"","overlay-type":"","overlay-color":"","overlay-gradient":""},"mobile":{"background-color":"","background-image":"","background-repeat":"repeat","background-position":"center center","background-size":"auto","background-attachment":"scroll","background-type":"","background-media":"","overlay-type":"","overlay-color":"","overlay-gradient":""}},"ast-content-background-meta":{"desktop":{"background-color":"var(--ast-global-color-5)","background-image":"","background-repeat":"repeat","background-position":"center center","background-size":"auto","background-attachment":"scroll","background-type":"","background-media":"","overlay-type":"","overlay-color":"","overlay-gradient":""},"tablet":{"background-color":"var(--ast-global-color-5)","background-image":"","background-repeat":"repeat","background-position":"center center","background-size":"auto","background-attachment":"scroll","background-type":"","background-media":"","overlay-type":"","overlay-color":"","overlay-gradient":""},"mobile":{"background-color":"var(--ast-global-color-5)","background-image":"","background-repeat":"repeat","background-position":"center center","background-size":"auto","background-attachment":"scroll","background-type":"","background-media":"","overlay-type":"","overlay-color":"","overlay-gradient":""}},"footnotes":""},"aioseo_notices":[],"uagb_featured_image_src":{"full":false,"thumbnail":false,"medium":false,"medium_large":false,"large":false,"trip-thumb-size":false,"destination-thumb-size":false,"destination-thumb-trip-size":false,"activities-thumb-size":false,"trip-single-size":false,"1536x1536":false,"2048x2048":false,"trp-custom-language-flag":false},"uagb_author_info":{"display_name":"seymakafagi","author_link":"https:\/\/galaxytours.com.tr\/tr\/author\/seymakafagi\/"},"uagb_comment_info":0,"uagb_excerpt":"\u015eirket Miras\u0131 Galaxy Tours, seyahat sekt\u00f6r\u00fcnde b\u0131rakt\u0131\u011f\u0131 iz ve m\u00fc\u015fteri memnuniyetiyle kal\u0131c\u0131 bir miras olu\u015fturmu\u015ftur. Ge\u00e7mi\u015ften bug\u00fcne ta\u015f\u0131d\u0131\u011f\u0131 ba\u015far\u0131larla sekt\u00f6rde [&hellip;]","_links":{"self":[{"href":"https:\/\/galaxytours.com.tr\/tr\/wp-json\/wp\/v2\/pages\/1973"}],"collection":[{"href":"https:\/\/galaxytours.com.tr\/tr\/wp-json\/wp\/v2\/pages"}],"about":[{"href":"https:\/\/galaxytours.com.tr\/tr\/wp-json\/wp\/v2\/types\/page"}],"author":[{"embeddable":true,"href":"https:\/\/galaxytours.com.tr\/tr\/wp-json\/wp\/v2\/users\/1"}],"replies":[{"embeddable":true,"href":"https:\/\/galaxytours.com.tr\/tr\/wp-json\/wp\/v2\/comments?post=1973"}],"version-history":[{"count":2,"href":"https:\/\/galaxytours.com.tr\/tr\/wp-json\/wp\/v2\/pages\/1973\/revisions"}],"predecessor-version":[{"id":2225,"href":"https:\/\/galaxytours.com.tr\/tr\/wp-json\/wp\/v2\/pages\/1973\/revisions\/2225"}],"wp:attachment":[{"href":"https:\/\/galaxytours.com.tr\/tr\/wp-json\/wp\/v2\/media?parent=1973"}],"curies":[{"name":"wp","href":"https:\/\/api.w.org\/{rel}","templated":true}]}}