{"id":1972,"date":"2023-08-22T07:17:57","date_gmt":"2023-08-22T07:17:57","guid":{"rendered":"https:\/\/galaxytours.com.tr\/home\/"},"modified":"2024-04-29T21:07:07","modified_gmt":"2024-04-29T21:07:07","slug":"home","status":"publish","type":"page","link":"https:\/\/galaxytours.com.tr\/tr\/","title":{"rendered":"Home"},"content":{"rendered":"\n<div class=\"wp-block-uagb-container uagb-block-ad39d8c1 alignfull uagb-is-root-container\"><div class=\"uagb-container__video-wrap\"><video autoplay loop muted playsinline><source src=\"https:\/\/galaxytours.com.tr\/wp-content\/uploads\/2024\/04\/Untitled-design.mp4\" type=\"video\/mp4\"\/><\/video><\/div><div class=\"uagb-container-inner-blocks-wrap\">\n<div class=\"wp-block-uagb-info-box uagb-block-0eab1ec7 uagb-infobox__content-wrap  uagb-infobox-icon-above-title uagb-infobox-image-valign-top\"><div class=\"uagb-ifb-content\"><div class=\"uagb-ifb-title-wrap\"><span class=\"uagb-ifb-title-prefix\">Unutulmaz Tatil Deneyimi<\/span><h1 class=\"uagb-ifb-title\">Galaxy Tours ile D\u00fcnyay\u0131 Ke\u015ffedin<\/h1><\/div><div class=\"uagb-ifb-button-wrapper wp-block-button\"><a href=\"contact\/\" class=\"uagb-infobox-cta-link wp-block-button__link\" target=\"_self\" rel=\"noopener noreferrer\" onclick=\"return true;\" alt=\"\"><span class=\"uagb-inline-editing\">Ke\u015ffetmeye Ba\u015fla<\/span><\/a><\/div><\/div><\/div>\n<\/div><\/div>\n\n\n\n<div class=\"wp-block-uagb-container uagb-block-5a53f1ed alignfull uagb-is-root-container\"><div class=\"uagb-container-inner-blocks-wrap\">\n<div class=\"wp-block-uagb-info-box uagb-block-28a3749d uagb-infobox__content-wrap  uagb-infobox-icon-above-title uagb-infobox-image-valign-top\"><div class=\"uagb-ifb-content\"><div class=\"uagb-ifb-title-wrap\"><span class=\"uagb-ifb-title-prefix\">Misafirperverlik ve Deneyim<\/span><h2 class=\"uagb-ifb-title\">Galaxy Tours Hakk\u0131nda<\/h2><\/div><div class=\"uagb-ifb-separator\"><\/div><\/div><\/div>\n\n\n\n<div class=\"wp-block-uagb-container uagb-block-58d7865b\">\n<div class=\"wp-block-uagb-container uagb-block-850508f2\">\n<div class=\"wp-block-uagb-image alignleft uagb-block-2e3a376f wp-block-uagb-image--layout-default wp-block-uagb-image--effect-static wp-block-uagb-image--align-left\"><figure class=\"wp-block-uagb-image__figure\"><img decoding=\"async\" srcset=\"https:\/\/galaxytours.com.tr\/wp-content\/uploads\/2024\/04\/Untitled-design-1024x576.jpg ,https:\/\/galaxytours.com.tr\/wp-content\/uploads\/2024\/04\/Untitled-design.jpg 780w, https:\/\/galaxytours.com.tr\/wp-content\/uploads\/2024\/04\/Untitled-design.jpg 360w\" sizes=\"(max-width: 480px) 150px\" src=\"https:\/\/galaxytours.com.tr\/wp-content\/uploads\/2024\/04\/Untitled-design-1024x576.jpg\" alt=\"\" class=\"uag-image-2294\" width=\"560\" height=\"400\" title=\"\" loading=\"lazy\" role=\"presentation\"\/><\/figure><\/div>\n<\/div>\n\n\n\n<div class=\"wp-block-uagb-container uagb-block-d29e4750\">\n<div class=\"wp-block-uagb-advanced-heading uagb-block-5395731b\"><h3 class=\"uagb-heading-text\">Galaxy Tours, unutulmaz tatil deneyimleri sunan \u00f6nde gelen bir seyahat acentesidir.<\/h3><p class=\"uagb-desc-text\">M\u00fc\u015fterilerine kolayl\u0131k ve huzur i\u00e7inde hayallerindeki tatillere do\u011fru yolculuk etmelerine yard\u0131mc\u0131 olur.<\/p><\/div>\n\n\n\n<div class=\"wp-block-uagb-buttons uagb-buttons__outer-wrap uagb-btn__default-btn uagb-btn-tablet__default-btn uagb-btn-mobile__default-btn uagb-block-4197f33b\"><div class=\"uagb-buttons__wrap uagb-buttons-layout-wrap \">\n<div class=\"wp-block-uagb-buttons-child uagb-buttons__outer-wrap uagb-block-e70e2b79 wp-block-button\"><div class=\"uagb-button__wrapper\"><a class=\"uagb-buttons-repeater wp-block-button__link\" aria-label=\"\" href=\"rooms\/\" rel=\"follow noopener\" target=\"_self\"><div class=\"uagb-button__link\">Daha Fazlas\u0131n\u0131 Oku<\/div><\/a><\/div><\/div>\n<\/div><\/div>\n<\/div>\n<\/div>\n<\/div><\/div>\n\n\n\n<div class=\"wp-block-uagb-container uagb-block-10408c38 alignfull uagb-is-root-container\"><div class=\"uagb-container-inner-blocks-wrap\">\n<div class=\"wp-block-uagb-info-box uagb-block-17978c11 uagb-infobox__content-wrap  uagb-infobox-icon-above-title uagb-infobox-image-valign-top\"><div class=\"uagb-ifb-content\"><div class=\"uagb-ifb-title-wrap\"><span class=\"uagb-ifb-title-prefix\">Konfor ve Hizmet<\/span><h2 class=\"uagb-ifb-title\">Hizmetlerimiz<\/h2><\/div><div class=\"uagb-ifb-separator\"><\/div><\/div><\/div>\n\n\n\n<div class=\"wp-block-uagb-container uagb-block-3c593562\">\n<div class=\"wp-block-uagb-container uagb-block-c81a5811\">\n<div class=\"wp-block-uagb-image alignleft uagb-block-be119ee2 wp-block-uagb-image--layout-default wp-block-uagb-image--effect-static wp-block-uagb-image--align-left\"><figure class=\"wp-block-uagb-image__figure\"><img decoding=\"async\" srcset=\"https:\/\/galaxytours.com.tr\/wp-content\/uploads\/2024\/04\/Untitled-design-2-1024x576.jpg ,https:\/\/galaxytours.com.tr\/wp-content\/uploads\/2024\/04\/Untitled-design-2.jpg 780w, https:\/\/galaxytours.com.tr\/wp-content\/uploads\/2024\/04\/Untitled-design-2.jpg 360w\" sizes=\"(max-width: 480px) 150px\" src=\"https:\/\/galaxytours.com.tr\/wp-content\/uploads\/2024\/04\/Untitled-design-2-1024x576.jpg\" alt=\"\" class=\"uag-image-2296\" width=\"373\" height=\"400\" title=\"Untitled-design-2\" loading=\"lazy\" role=\"img\"\/><\/figure><\/div>\n\n\n\n<div class=\"wp-block-uagb-info-box uagb-block-50c65b91 uagb-infobox__content-wrap  uagb-infobox-icon-above-title uagb-infobox-image-valign-top\"><div class=\"uagb-ifb-content\"><div class=\"uagb-ifb-title-wrap\"><h3 class=\"uagb-ifb-title\">\u00d6zelle\u015ftirilmi\u015f \u0130tinerariler<\/h3><\/div><p class=\"uagb-ifb-desc\">Her m\u00fc\u015fterinin istekleri ve b\u00fct\u00e7esi do\u011frultusunda \u00f6zel seyahat planlar\u0131 olu\u015fturuyoruz.<\/p><div class=\"uagb-ifb-button-wrapper wp-block-button\"><a href=\"amenities\/\" class=\"uagb-infobox-cta-link wp-block-button__link\" target=\"_self\" rel=\"noopener noreferrer\" onclick=\"return true;\" alt=\"\"><span class=\"uagb-inline-editing\">Daha Fazlas\u0131n\u0131 Oku<\/span><svg xmlns=\"https:\/\/www.w3.org\/2000\/svg\" viewBox=\"0 0 448 512\"><path d=\"M438.6 278.6l-160 160C272.4 444.9 264.2 448 256 448s-16.38-3.125-22.62-9.375c-12.5-12.5-12.5-32.75 0-45.25L338.8 288H32C14.33 288 .0016 273.7 .0016 256S14.33 224 32 224h306.8l-105.4-105.4c-12.5-12.5-12.5-32.75 0-45.25s32.75-12.5 45.25 0l160 160C451.1 245.9 451.1 266.1 438.6 278.6z\"><\/path><\/svg><\/a><\/div><\/div><\/div>\n<\/div>\n\n\n\n<div class=\"wp-block-uagb-container uagb-block-8c0338ec\">\n<div class=\"wp-block-uagb-image alignleft uagb-block-d2feb003 wp-block-uagb-image--layout-default wp-block-uagb-image--effect-static wp-block-uagb-image--align-left\"><figure class=\"wp-block-uagb-image__figure\"><img decoding=\"async\" srcset=\"https:\/\/galaxytours.com.tr\/wp-content\/uploads\/2024\/04\/Untitled-design-3-1024x576.jpg ,https:\/\/galaxytours.com.tr\/wp-content\/uploads\/2024\/04\/Untitled-design-3.jpg 780w, https:\/\/galaxytours.com.tr\/wp-content\/uploads\/2024\/04\/Untitled-design-3.jpg 360w\" sizes=\"(max-width: 480px) 150px\" src=\"https:\/\/galaxytours.com.tr\/wp-content\/uploads\/2024\/04\/Untitled-design-3-1024x576.jpg\" alt=\"\" class=\"uag-image-2297\" width=\"373\" height=\"400\" title=\"Untitled-design-3\" loading=\"lazy\" role=\"img\"\/><\/figure><\/div>\n\n\n\n<div class=\"wp-block-uagb-info-box uagb-block-29c0377f uagb-infobox__content-wrap  uagb-infobox-icon-above-title uagb-infobox-image-valign-top\"><div class=\"uagb-ifb-content\"><div class=\"uagb-ifb-title-wrap\"><h3 class=\"uagb-ifb-title\">M\u00fckemmel M\u00fc\u015fteri Hizmetleri<\/h3><\/div><p class=\"uagb-ifb-desc\">Ayr\u0131nt\u0131lara verdi\u011fimiz \u00f6nemle, sorunsuz seyahat d\u00fczenlemeleri sa\u011fl\u0131yoruz.<\/p><div class=\"uagb-ifb-button-wrapper wp-block-button\"><a href=\"amenities\/\" class=\"uagb-infobox-cta-link wp-block-button__link\" target=\"_self\" rel=\"noopener noreferrer\" onclick=\"return true;\" alt=\"\"><span class=\"uagb-inline-editing\">Daha Fazlas\u0131n\u0131 Oku<\/span><svg xmlns=\"https:\/\/www.w3.org\/2000\/svg\" viewBox=\"0 0 448 512\"><path d=\"M438.6 278.6l-160 160C272.4 444.9 264.2 448 256 448s-16.38-3.125-22.62-9.375c-12.5-12.5-12.5-32.75 0-45.25L338.8 288H32C14.33 288 .0016 273.7 .0016 256S14.33 224 32 224h306.8l-105.4-105.4c-12.5-12.5-12.5-32.75 0-45.25s32.75-12.5 45.25 0l160 160C451.1 245.9 451.1 266.1 438.6 278.6z\"><\/path><\/svg><\/a><\/div><\/div><\/div>\n<\/div>\n\n\n\n<div class=\"wp-block-uagb-container uagb-block-8abd29fb\">\n<div class=\"wp-block-uagb-image alignleft uagb-block-3493ca0c wp-block-uagb-image--layout-default wp-block-uagb-image--effect-static wp-block-uagb-image--align-left\"><figure class=\"wp-block-uagb-image__figure\"><img decoding=\"async\" srcset=\"https:\/\/galaxytours.com.tr\/wp-content\/uploads\/2024\/04\/Untitled-design-4-1024x576.jpg ,https:\/\/galaxytours.com.tr\/wp-content\/uploads\/2024\/04\/Untitled-design-4.jpg 780w, https:\/\/galaxytours.com.tr\/wp-content\/uploads\/2024\/04\/Untitled-design-4.jpg 360w\" sizes=\"(max-width: 480px) 150px\" src=\"https:\/\/galaxytours.com.tr\/wp-content\/uploads\/2024\/04\/Untitled-design-4-1024x576.jpg\" alt=\"\" class=\"uag-image-2298\" width=\"373\" height=\"400\" title=\"Untitled-design-4\" loading=\"lazy\" role=\"img\"\/><\/figure><\/div>\n\n\n\n<div class=\"wp-block-uagb-info-box uagb-block-c031fbc3 uagb-infobox__content-wrap  uagb-infobox-icon-above-title uagb-infobox-image-valign-top\"><div class=\"uagb-ifb-content\"><div class=\"uagb-ifb-title-wrap\"><h3 class=\"uagb-ifb-title\">Uzman Seyahat Dan\u0131\u015fmanlar\u0131<\/h3><\/div><p class=\"uagb-ifb-desc\">Trabzon, T\u00fcrkiye&#8217;de bulunan ekibimiz, d\u00fcnya genelinde macera ve dinlenme arayan bireyler ve aileler i\u00e7in seyahat d\u00fczenlemeleri sa\u011fl\u0131yor.<\/p><div class=\"uagb-ifb-button-wrapper wp-block-button\"><a href=\"amenities\/\" class=\"uagb-infobox-cta-link wp-block-button__link\" target=\"_self\" rel=\"noopener noreferrer\" onclick=\"return true;\" alt=\"\"><span class=\"uagb-inline-editing\">Daha Fazlas\u0131n\u0131 Oku<\/span><svg xmlns=\"https:\/\/www.w3.org\/2000\/svg\" viewBox=\"0 0 448 512\"><path d=\"M438.6 278.6l-160 160C272.4 444.9 264.2 448 256 448s-16.38-3.125-22.62-9.375c-12.5-12.5-12.5-32.75 0-45.25L338.8 288H32C14.33 288 .0016 273.7 .0016 256S14.33 224 32 224h306.8l-105.4-105.4c-12.5-12.5-12.5-32.75 0-45.25s32.75-12.5 45.25 0l160 160C451.1 245.9 451.1 266.1 438.6 278.6z\"><\/path><\/svg><\/a><\/div><\/div><\/div>\n<\/div>\n<\/div>\n<\/div><\/div>\n\n\n\n<div class=\"wp-block-uagb-container uagb-block-eb6658f3 alignfull uagb-is-root-container\"><div class=\"uagb-container-inner-blocks-wrap\">\n<div class=\"wp-block-uagb-container uagb-block-608a9947\">\n<div class=\"wp-block-uagb-info-box uagb-block-0df5c058 uagb-infobox__content-wrap  uagb-infobox-icon-above-title uagb-infobox-image-valign-top\"><div class=\"uagb-ifb-content\"><div class=\"uagb-ifb-title-wrap\"><span class=\"uagb-ifb-title-prefix\">M\u00fc\u015fteri G\u00f6r\u00fc\u015fleri<\/span><h2 class=\"uagb-ifb-title\">M\u00fc\u015fteri Yorumlar\u0131<\/h2><\/div><\/div><\/div>\n\n\n\n<div class=\"wp-block-uagb-container uagb-block-c7a6b452\">\n<div class=\"wp-block-uagb-container uagb-block-8f5311ae\">\n<div class=\"wp-block-uagb-star-rating uagb-block-50dffc69\"><div class=\"uag-star-rating\" title=\"5\/5\"><span class=\"uag-star\">\u2605<\/span><span class=\"uag-star\">\u2605<\/span><span class=\"uag-star\">\u2605<\/span><span class=\"uag-star\">\u2605<\/span><span class=\"uag-star\">\u2605<\/span><\/div><\/div>\n\n\n\n<div class=\"wp-block-uagb-icon-list uagb-block-f663a602\"><div class=\"uagb-icon-list__wrap\">\n<div class=\"wp-block-uagb-icon-list-child uagb-block-67b1c038\"><span class=\"uagb-icon-list__source-wrap\"><svg xmlns=\"https:\/\/www.w3.org\/2000\/svg\" viewBox=\"0 0 488 512\"><path d=\"M488 261.8C488 403.3 391.1 504 248 504 110.8 504 0 393.2 0 256S110.8 8 248 8c66.8 0 123 24.5 166.3 64.9l-67.5 64.9C258.5 52.6 94.3 116.6 94.3 256c0 86.5 69.1 156.6 153.7 156.6 98.2 0 135-70.4 140.8-106.9H248v-85.3h236.1c2.3 12.7 3.9 24.9 3.9 41.4z\"><\/path><\/svg><\/span><span class=\"uagb-icon-list__label\">Ger\u00e7ek Yorumlara Dayal\u0131<\/span><\/div>\n<\/div><\/div>\n<\/div>\n\n\n\n<div class=\"wp-block-uagb-container uagb-block-624500f4\">\n<div class=\"wp-block-uagb-star-rating uagb-block-830b684c\"><div class=\"uag-star-rating\" title=\"5\/5\"><span class=\"uag-star\">\u2605<\/span><span class=\"uag-star\">\u2605<\/span><span class=\"uag-star\">\u2605<\/span><span class=\"uag-star\">\u2605<\/span><span class=\"uag-star\">\u2605<\/span><\/div><\/div>\n\n\n\n<div class=\"wp-block-uagb-icon-list uagb-block-20edcc4c\"><div class=\"uagb-icon-list__wrap\">\n<div class=\"wp-block-uagb-icon-list-child uagb-block-823dd009\"><span class=\"uagb-icon-list__source-wrap\"><svg xmlns=\"https:\/\/www.w3.org\/2000\/svg\" viewBox=\"0 0 384 512\"><path d=\"M42.9 240.3l99.62 48.61c19.2 9.4 16.2 37.51-4.5 42.71L30.5 358.5a22.79 22.79 0 0 1 -28.21-19.6 197.2 197.2 0 0 1 9-85.32 22.8 22.8 0 0 1 31.61-13.21zm44 239.3a199.4 199.4 0 0 0 79.42 32.11A22.78 22.78 0 0 0 192.9 490l3.9-110.8c.7-21.3-25.5-31.91-39.81-16.1l-74.21 82.4a22.82 22.82 0 0 0 4.09 34.09zm145.3-109.9l58.81 94a22.93 22.93 0 0 0 34 5.5 198.4 198.4 0 0 0 52.71-67.61A23 23 0 0 0 364.2 370l-105.4-34.26c-20.31-6.5-37.81 15.8-26.51 33.91zm148.3-132.2a197.4 197.4 0 0 0 -50.41-69.31 22.85 22.85 0 0 0 -34 4.4l-62 91.92c-11.9 17.7 4.7 40.61 25.2 34.71L366 268.6a23 23 0 0 0 14.61-31.21zM62.11 30.18a22.86 22.86 0 0 0 -9.9 32l104.1 180.4c11.7 20.2 42.61 11.9 42.61-11.4V22.88a22.67 22.67 0 0 0 -24.5-22.8 320.4 320.4 0 0 0 -112.3 30.1z\"><\/path><\/svg><\/span><span class=\"uagb-icon-list__label\">Ger\u00e7ek Yorumlara Dayal\u0131<\/span><\/div>\n<\/div><\/div>\n<\/div>\n<\/div>\n<\/div>\n\n\n\n<div class=\"wp-block-uagb-container uagb-block-acd6c62f\">\n<div class=\"wp-block-uagb-info-box uagb-block-a361355d uagb-infobox__content-wrap  uagb-infobox-icon-above-title uagb-infobox-image-valign-top\"><div class=\"uagb-ifb-content\"><div class=\"uagb-ifb-icon-wrap\"><svg xmlns=\"https:\/\/www.w3.org\/2000\/svg\" viewBox=\"0 0 448 512\"><path d=\"M96 224C84.72 224 74.05 226.3 64 229.9V224c0-35.3 28.7-64 64-64c17.67 0 32-14.33 32-32S145.7 96 128 96C57.42 96 0 153.4 0 224v96c0 53.02 42.98 96 96 96s96-42.98 96-96S149 224 96 224zM352 224c-11.28 0-21.95 2.305-32 5.879V224c0-35.3 28.7-64 64-64c17.67 0 32-14.33 32-32s-14.33-32-32-32c-70.58 0-128 57.42-128 128v96c0 53.02 42.98 96 96 96s96-42.98 96-96S405 224 352 224z\"><\/path><\/svg><\/div><div class=\"uagb-ifb-title-wrap\"><p class=\"uagb-ifb-title-prefix\">Galaxy Tours ile tatil yapt\u0131m ve harika bir deneyimdi. Her \u015fey m\u00fckemmeldi!<\/p><p class=\"uagb-ifb-title\">Aylin Y\u0131lmaz<\/p><\/div><\/div><\/div>\n\n\n\n<div class=\"wp-block-uagb-info-box uagb-block-2d484bad uagb-infobox__content-wrap  uagb-infobox-icon-above-title uagb-infobox-image-valign-top\"><div class=\"uagb-ifb-content\"><div class=\"uagb-ifb-icon-wrap\"><svg xmlns=\"https:\/\/www.w3.org\/2000\/svg\" viewBox=\"0 0 448 512\"><path d=\"M96 224C84.72 224 74.05 226.3 64 229.9V224c0-35.3 28.7-64 64-64c17.67 0 32-14.33 32-32S145.7 96 128 96C57.42 96 0 153.4 0 224v96c0 53.02 42.98 96 96 96s96-42.98 96-96S149 224 96 224zM352 224c-11.28 0-21.95 2.305-32 5.879V224c0-35.3 28.7-64 64-64c17.67 0 32-14.33 32-32s-14.33-32-32-32c-70.58 0-128 57.42-128 128v96c0 53.02 42.98 96 96 96s96-42.98 96-96S405 224 352 224z\"><\/path><\/svg><\/div><div class=\"uagb-ifb-title-wrap\"><p class=\"uagb-ifb-title-prefix\">Galaxy Tours&#8217;la seyahat etmekten \u00e7ok memnun kald\u0131m. Kesinlikle tavsiye ederim!<\/p><p class=\"uagb-ifb-title\">Emre Yaz\u0131c\u0131<\/p><\/div><\/div><\/div>\n<\/div>\n<\/div><\/div>\n\n\n\n<div class=\"wp-block-uagb-container uagb-block-625fb0d3 alignfull uagb-is-root-container\"><div class=\"uagb-container__video-wrap\"><video autoplay loop muted playsinline><source src=\"https:\/\/galaxytours.com.tr\/wp-content\/uploads\/2024\/04\/Untitled-design.mp4\" type=\"video\/mp4\"\/><\/video><\/div><div class=\"uagb-container-inner-blocks-wrap\">\n<div class=\"wp-block-uagb-info-box uagb-block-bff49d32 uagb-infobox__content-wrap  uagb-infobox-icon-above-title uagb-infobox-image-valign-top\"><div class=\"uagb-ifb-content\"><div class=\"uagb-ifb-title-wrap\"><span class=\"uagb-ifb-title-prefix\">\u00d6zel \u0130ndirim F\u0131rsat\u0131<\/span><h2 class=\"uagb-ifb-title\">Sadece \u015eimdi Ge\u00e7erli \u00d6zel \u0130ndirimlerden Faydalan\u0131n<\/h2><\/div><\/div><\/div>\n\n\n\n<div class=\"wp-block-uagb-container uagb-block-21080981\">\n<div class=\"wp-block-uagb-container uagb-block-9c0f7461\">\n<div class=\"wp-block-uagb-advanced-heading uagb-block-79c63245\"><h2 class=\"uagb-heading-text\">35%<\/h2><\/div>\n<\/div>\n\n\n\n<div class=\"wp-block-uagb-container uagb-block-e29aff40\">\n<div class=\"wp-block-uagb-advanced-heading uagb-block-4135ca9a\"><h3 class=\"uagb-heading-text\">K\u0131sa bir \u0130ndirim Ba\u015fl\u0131\u011f\u0131 Yaz\u0131n<\/h3><\/div>\n<\/div>\n<\/div>\n\n\n\n<div class=\"wp-block-uagb-buttons uagb-buttons__outer-wrap uagb-btn__default-btn uagb-btn-tablet__default-btn uagb-btn-mobile__default-btn uagb-block-265aa9c9\"><div class=\"uagb-buttons__wrap uagb-buttons-layout-wrap \">\n<div class=\"wp-block-uagb-buttons-child uagb-buttons__outer-wrap uagb-block-ff102d9c wp-block-button\"><div class=\"uagb-button__wrapper\"><a class=\"uagb-buttons-repeater wp-block-button__link\" aria-label=\"\" href=\"contact\/\" rel=\"follow noopener\" target=\"_self\"><div class=\"uagb-button__link\">Ke\u015ffetmeye Ba\u015fla<\/div><\/a><\/div><\/div>\n<\/div><\/div>\n<\/div><\/div>\n\n\n\n<div class=\"wp-block-uagb-container uagb-block-145834c4 alignfull uagb-is-root-container\"><div class=\"uagb-container-inner-blocks-wrap\">\n<div class=\"wp-block-uagb-container uagb-block-b7037161\">\n<div class=\"wp-block-uagb-advanced-heading uagb-block-990b6904\"><h2 class=\"uagb-heading-text\">Hayalinizdeki Tatil \u0130\u00e7in Hemen Ara<\/h2><div class=\"uagb-separator\"><\/div><p class=\"uagb-desc-text\">Galaxy Tours, m\u00fc\u015fterilerine d\u00fcnya genelinde r\u00fcya gibi tatil f\u0131rsatlar\u0131 sunmaktad\u0131r. Bizimle ileti\u015fime ge\u00e7in ve hayallerinizdeki tatili planlay\u0131n.<\/p><\/div>\n\n\n\n<div class=\"wp-block-uagb-advanced-heading uagb-block-4ab44871\"><div class=\"uagb-heading-text\">Rezervasyon Yap:<\/div><\/div>\n\n\n\n<div class=\"wp-block-uagb-icon-list uagb-block-ea6f8424\"><div class=\"uagb-icon-list__wrap\">\n<div class=\"wp-block-uagb-icon-list-child uagb-block-ad1964df\"><span class=\"uagb-icon-list__source-wrap\"><svg xmlns=\"https:\/\/www.w3.org\/2000\/svg\" viewBox=\"0 0 512 512\"><path d=\"M511.2 387l-23.25 100.8c-3.266 14.25-15.79 24.22-30.46 24.22C205.2 512 0 306.8 0 54.5c0-14.66 9.969-27.2 24.22-30.45l100.8-23.25C139.7-2.602 154.7 5.018 160.8 18.92l46.52 108.5c5.438 12.78 1.77 27.67-8.98 36.45L144.5 207.1c33.98 69.22 90.26 125.5 159.5 159.5l44.08-53.8c8.688-10.78 23.69-14.51 36.47-8.975l108.5 46.51C506.1 357.2 514.6 372.4 511.2 387z\"><\/path><\/svg><\/span><span class=\"uagb-icon-list__label\">+905444621987<\/span><\/div>\n<\/div><\/div>\n<\/div>\n\n\n\n<div class=\"wp-block-uagb-container uagb-block-1c54ab08\">\n<div class=\"wp-block-uagb-image alignright uagb-block-3c2a0264 wp-block-uagb-image--layout-default wp-block-uagb-image--effect-static wp-block-uagb-image--align-right uag-blocks-common-selector\" style=\"--z-index-desktop:1;;--z-index-tablet:undefined;;--z-index-mobile:undefined;\"><figure class=\"wp-block-uagb-image__figure\"><img decoding=\"async\" srcset=\"https:\/\/galaxytours.com.tr\/wp-content\/uploads\/2024\/04\/pexels-photo-19892476.jpeg ,https:\/\/galaxytours.com.tr\/wp-content\/uploads\/2024\/04\/pexels-photo-19892476.jpeg 780w, https:\/\/galaxytours.com.tr\/wp-content\/uploads\/2024\/04\/pexels-photo-19892476.jpeg 360w\" sizes=\"(max-width: 480px) 150px\" src=\"https:\/\/galaxytours.com.tr\/wp-content\/uploads\/2024\/04\/pexels-photo-19892476.jpeg\" alt=\"\" class=\"uag-image-1420\" width=\"550\" height=\"550\" title=\"\" loading=\"lazy\" role=\"img\"\/><\/figure><\/div>\n<\/div>\n<\/div><\/div>\n\n\n\n<div class=\"wp-block-uagb-container uagb-block-5d15f416 alignfull uagb-is-root-container\"><\/div>\n","protected":false},"excerpt":{"rendered":"<p>Galaxy Tours, unutulmaz tatil deneyimleri sunan \u00f6nde gelen bir seyahat acentesidir. M\u00fc\u015fterilerine kolayl\u0131k ve huzur i\u00e7inde hayallerindeki tatillere do\u011fru yolculuk [&hellip;]<\/p>\n","protected":false},"author":1,"featured_media":0,"parent":0,"menu_order":0,"comment_status":"closed","ping_status":"closed","template":"","meta":{"_uag_custom_page_level_css":"","site-sidebar-layout":"no-sidebar","site-content-layout":"","ast-site-content-layout":"normal-width-container","site-content-style":"default","site-sidebar-style":"default","ast-global-header-display":"","ast-banner-title-visibility":"disabled","ast-main-header-display":"","ast-hfb-above-header-display":"","ast-hfb-below-header-display":"","ast-hfb-mobile-header-display":"","site-post-title":"disabled","ast-breadcrumbs-content":"","ast-featured-img":"","footer-sml-layout":"","theme-transparent-header-meta":"enabled","adv-header-id-meta":"","stick-header-meta":"","header-above-stick-meta":"","header-main-stick-meta":"","header-below-stick-meta":"","astra-migrate-meta-layouts":"default","ast-page-background-enabled":"default","ast-page-background-meta":{"desktop":{"background-color":"var(--ast-global-color-4)","background-image":"","background-repeat":"repeat","background-position":"center center","background-size":"auto","background-attachment":"scroll","background-type":"","background-media":"","overlay-type":"","overlay-color":"","overlay-gradient":""},"tablet":{"background-color":"","background-image":"","background-repeat":"repeat","background-position":"center center","background-size":"auto","background-attachment":"scroll","background-type":"","background-media":"","overlay-type":"","overlay-color":"","overlay-gradient":""},"mobile":{"background-color":"","background-image":"","background-repeat":"repeat","background-position":"center center","background-size":"auto","background-attachment":"scroll","background-type":"","background-media":"","overlay-type":"","overlay-color":"","overlay-gradient":""}},"ast-content-background-meta":{"desktop":{"background-color":"var(--ast-global-color-5)","background-image":"","background-repeat":"repeat","background-position":"center center","background-size":"auto","background-attachment":"scroll","background-type":"","background-media":"","overlay-type":"","overlay-color":"","overlay-gradient":""},"tablet":{"background-color":"var(--ast-global-color-5)","background-image":"","background-repeat":"repeat","background-position":"center center","background-size":"auto","background-attachment":"scroll","background-type":"","background-media":"","overlay-type":"","overlay-color":"","overlay-gradient":""},"mobile":{"background-color":"var(--ast-global-color-5)","background-image":"","background-repeat":"repeat","background-position":"center center","background-size":"auto","background-attachment":"scroll","background-type":"","background-media":"","overlay-type":"","overlay-color":"","overlay-gradient":""}},"footnotes":""},"aioseo_notices":[],"uagb_featured_image_src":{"full":false,"thumbnail":false,"medium":false,"medium_large":false,"large":false,"trip-thumb-size":false,"destination-thumb-size":false,"destination-thumb-trip-size":false,"activities-thumb-size":false,"trip-single-size":false,"1536x1536":false,"2048x2048":false,"trp-custom-language-flag":false},"uagb_author_info":{"display_name":"seymakafagi","author_link":"https:\/\/galaxytours.com.tr\/tr\/author\/seymakafagi\/"},"uagb_comment_info":0,"uagb_excerpt":"Galaxy Tours, unutulmaz tatil deneyimleri sunan \u00f6nde gelen bir seyahat acentesidir. M\u00fc\u015fterilerine kolayl\u0131k ve huzur i\u00e7inde hayallerindeki tatillere do\u011fru yolculuk [&hellip;]","_links":{"self":[{"href":"https:\/\/galaxytours.com.tr\/tr\/wp-json\/wp\/v2\/pages\/1972"}],"collection":[{"href":"https:\/\/galaxytours.com.tr\/tr\/wp-json\/wp\/v2\/pages"}],"about":[{"href":"https:\/\/galaxytours.com.tr\/tr\/wp-json\/wp\/v2\/types\/page"}],"author":[{"embeddable":true,"href":"https:\/\/galaxytours.com.tr\/tr\/wp-json\/wp\/v2\/users\/1"}],"replies":[{"embeddable":true,"href":"https:\/\/galaxytours.com.tr\/tr\/wp-json\/wp\/v2\/comments?post=1972"}],"version-history":[{"count":5,"href":"https:\/\/galaxytours.com.tr\/tr\/wp-json\/wp\/v2\/pages\/1972\/revisions"}],"predecessor-version":[{"id":2305,"href":"https:\/\/galaxytours.com.tr\/tr\/wp-json\/wp\/v2\/pages\/1972\/revisions\/2305"}],"wp:attachment":[{"href":"https:\/\/galaxytours.com.tr\/tr\/wp-json\/wp\/v2\/media?parent=1972"}],"curies":[{"name":"wp","href":"https:\/\/api.w.org\/{rel}","templated":true}]}}