{"id":1974,"date":"2023-08-22T07:18:47","date_gmt":"2023-08-22T07:18:47","guid":{"rendered":"https:\/\/galaxytours.com.tr\/offerings\/"},"modified":"2024-04-28T19:59:31","modified_gmt":"2024-04-28T19:59:31","slug":"offerings","status":"publish","type":"page","link":"https:\/\/galaxytours.com.tr\/ar\/offerings\/","title":{"rendered":"Offerings"},"content":{"rendered":"<div class=\"wp-block-uagb-container uagb-block-ad39d8c1 alignfull uagb-is-root-container\"><div class=\"uagb-container-inner-blocks-wrap\">\n<div class=\"wp-block-uagb-info-box uagb-block-0eab1ec7 uagb-infobox__content-wrap  uagb-infobox-icon-above-title uagb-infobox-image-valign-top\"><div class=\"uagb-ifb-content\"><div class=\"uagb-ifb-title-wrap\"><h5 class=\"uagb-ifb-title-prefix\">\u0627\u0633\u062a\u0643\u0634\u0641 \u0628\u0643\u0644 \u0631\u0627\u062d\u0629<\/h5><h1 class=\"uagb-ifb-title\">\u0627\u0633\u062a\u0645\u062a\u0639 \u0628\u0625\u0642\u0627\u0645\u0629 \u0644\u0627 \u062a\u064f\u0646\u0633\u0649 \u0641\u064a \u063a\u0631\u0641\u0646\u0627 \u0627\u0644\u062a\u064a \u062a\u0648\u0641\u0631 \u0627\u0644\u0631\u0627\u062d\u0629 \u0648\u0627\u0644\u0623\u0646\u0627\u0642\u0629 \u0645\u0639\u064b\u0627.<\/h1><\/div><div class=\"uagb-ifb-button-wrapper wp-block-button\"><a href=\"https:\/\/galaxytours.com.tr\/ar\/contact\/\" class=\"uagb-infobox-cta-link wp-block-button__link\" target=\"_self\" rel=\"noopener noreferrer\" onclick=\"return true;\" alt=\"\"><span class=\"uagb-inline-editing\">\u0627\u0628\u062f\u0623 \u0641\u064a \u0627\u0644\u0627\u0633\u062a\u0643\u0634\u0627\u0641<\/span><\/a><\/div><\/div><\/div>\n<\/div><\/div>\n\n\n\n<div class=\"wp-block-uagb-container uagb-block-349e9a96 alignfull uagb-is-root-container\"><div class=\"uagb-container-inner-blocks-wrap\">\n<div class=\"wp-block-uagb-container uagb-block-4eaa7e1f alignfull uagb-is-root-container\"><div class=\"uagb-container-inner-blocks-wrap\">\n<div class=\"wp-block-uagb-container uagb-block-be785329\">\n<div class=\"wp-block-uagb-advanced-heading uagb-block-2f61cb8b\"><h2 class=\"uagb-heading-text\">\u0634\u0647\u0631 \u0627\u0644\u0639\u0633\u0644 <\/h2><\/div>\n\n\n\n<div class=\"wp-block-uagb-icon-list uagb-block-82dead3c\"><div class=\"uagb-icon-list__wrap\">\n<div class=\"wp-block-uagb-icon-list-child uagb-block-31c86f89\"><span class=\"uagb-icon-list__source-wrap\"><svg xmlns=\"https:\/\/www.w3.org\/2000\/svg\" viewbox=\"0 0 448 512\"><path d=\"M224 256c70.7 0 128-57.31 128-128s-57.3-128-128-128C153.3 0 96 57.31 96 128S153.3 256 224 256zM274.7 304H173.3C77.61 304 0 381.6 0 477.3c0 19.14 15.52 34.67 34.66 34.67h378.7C432.5 512 448 496.5 448 477.3C448 381.6 370.4 304 274.7 304z\"><\/path><\/svg><\/span><span class=\"uagb-icon-list__label\">2 \u0645\u0633\u0627\u0641\u0631<\/span><\/div>\n\n\n\n<div class=\"wp-block-uagb-icon-list-child uagb-block-fe0dfe50\"><span class=\"uagb-icon-list__source-wrap\"><svg xmlns=\"https:\/\/www.w3.org\/2000\/svg\" viewbox=\"0 0 640 512\"><path d=\"M176 288C220.1 288 256 252.1 256 208S220.1 128 176 128S96 163.9 96 208S131.9 288 176 288zM544 128H304C295.2 128 288 135.2 288 144V320H64V48C64 39.16 56.84 32 48 32h-32C7.163 32 0 39.16 0 48v416C0 472.8 7.163 480 16 480h32C56.84 480 64 472.8 64 464V416h512v48c0 8.837 7.163 16 16 16h32c8.837 0 16-7.163 16-16V224C640 170.1 597 128 544 128z\"><\/path><\/svg><\/span><span class=\"uagb-icon-list__label\">\u0633\u0631\u064a\u0631 \u0645\u0632\u062f\u0648\u062c<\/span><\/div>\n<\/div><\/div>\n\n\n\n<div class=\"wp-block-uagb-advanced-heading uagb-block-47749ad1\"><p class=\"uagb-heading-text\">\u0628\u0641\u0636\u0644 \u0627\u0644\u0645\u0646\u0638\u0631 \u0627\u0644\u0637\u0628\u064a\u0639\u064a \u0644\u0627\u0643\u0648\u0627\u062e\u0646\u0627 \u0627\u0644\u0631\u064a\u0641\u064a\u0629\u060c \u0633\u0648\u0641 \u062a\u0628\u062a\u0639\u062f \u062a\u0645\u0627\u0645\u064b\u0627 \u0639\u0646 \u0636\u062c\u064a\u062c \u0627\u0644\u0645\u062f\u064a\u0646\u0629 \u0648\u0641\u0648\u0636\u0649\u0647\u0627 \u0648\u062a\u0639\u064a\u062f \u0627\u0643\u062a\u0634\u0627\u0641 \u0646\u0641\u0633\u0643 \u0623\u062b\u0646\u0627\u0621 \u0642\u0636\u0627\u0621 \u0639\u0637\u0644\u0629 \u0647\u0627\u062f\u0626\u0629.<\/p><\/div>\n<\/div>\n\n\n\n<div class=\"wp-block-uagb-container uagb-block-bbd18a9f\">\n<div class=\"wp-block-uagb-image alignleft uagb-block-5731ee50 wp-block-uagb-image--layout-default wp-block-uagb-image--effect-static wp-block-uagb-image--align-left\"><figure class=\"wp-block-uagb-image__figure\"><img decoding=\"async\" srcset=\"https:\/\/galaxytours.com.tr\/wp-content\/uploads\/2024\/04\/WhatsApp-Image-2024-04-28-at-22.37.38.jpeg ,https:\/\/galaxytours.com.tr\/wp-content\/uploads\/2024\/04\/WhatsApp-Image-2024-04-28-at-22.37.38.jpeg 780w, https:\/\/galaxytours.com.tr\/wp-content\/uploads\/2024\/04\/WhatsApp-Image-2024-04-28-at-22.37.38.jpeg 360w\" sizes=\"(max-width: 480px) 150px\" src=\"https:\/\/galaxytours.com.tr\/wp-content\/uploads\/2024\/04\/WhatsApp-Image-2024-04-28-at-22.37.38.jpeg\" alt=\"\" class=\"uag-image-2237\" width=\"560\" height=\"400\" title=\"WhatsApp Image 2024-04-28 at 22.37.38\" loading=\"lazy\" role=\"img\"\/><\/figure><\/div>\n<\/div>\n<\/div><\/div>\n\n\n\n<div class=\"wp-block-uagb-container uagb-block-037ca53a alignfull uagb-is-root-container\"><div class=\"uagb-container-inner-blocks-wrap\">\n<div class=\"wp-block-uagb-container uagb-block-d5cd5ff2\">\n<div class=\"wp-block-uagb-advanced-heading uagb-block-5c3e852a\"><h2 class=\"uagb-heading-text\">\u0627\u0644\u063a\u0631\u0641\u0629 \u0627\u0644\u0639\u0627\u0626\u0644\u064a\u0629<\/h2><\/div>\n\n\n\n<div class=\"wp-block-uagb-icon-list uagb-block-82dead3c\"><div class=\"uagb-icon-list__wrap\">\n<div class=\"wp-block-uagb-icon-list-child uagb-block-31c86f89\"><span class=\"uagb-icon-list__source-wrap\"><svg xmlns=\"https:\/\/www.w3.org\/2000\/svg\" viewbox=\"0 0 448 512\"><path d=\"M224 256c70.7 0 128-57.31 128-128s-57.3-128-128-128C153.3 0 96 57.31 96 128S153.3 256 224 256zM274.7 304H173.3C77.61 304 0 381.6 0 477.3c0 19.14 15.52 34.67 34.66 34.67h378.7C432.5 512 448 496.5 448 477.3C448 381.6 370.4 304 274.7 304z\"><\/path><\/svg><\/span><span class=\"uagb-icon-list__label\">3 \u0645\u0633\u0627\u0641\u0631<\/span><\/div>\n\n\n\n<div class=\"wp-block-uagb-icon-list-child uagb-block-fe0dfe50\"><span class=\"uagb-icon-list__source-wrap\"><svg xmlns=\"https:\/\/www.w3.org\/2000\/svg\" viewbox=\"0 0 640 512\"><path d=\"M176 288C220.1 288 256 252.1 256 208S220.1 128 176 128S96 163.9 96 208S131.9 288 176 288zM544 128H304C295.2 128 288 135.2 288 144V320H64V48C64 39.16 56.84 32 48 32h-32C7.163 32 0 39.16 0 48v416C0 472.8 7.163 480 16 480h32C56.84 480 64 472.8 64 464V416h512v48c0 8.837 7.163 16 16 16h32c8.837 0 16-7.163 16-16V224C640 170.1 597 128 544 128z\"><\/path><\/svg><\/span><span class=\"uagb-icon-list__label\">1 \u0633\u0631\u064a\u0631 \u0645\u0632\u062f\u0648\u062c + 1 \u0633\u0631\u064a\u0631 \u0623\u0631\u064a\u0643\u0629<\/span><\/div>\n<\/div><\/div>\n\n\n\n<div class=\"wp-block-uagb-advanced-heading uagb-block-4d2967df\"><p class=\"uagb-heading-text\">\u062a\u0648\u0641\u0631 \u063a\u0631\u0641\u062a\u0646\u0627 \u0627\u0644\u0639\u0627\u0626\u0644\u064a\u0629 \u0627\u0644\u0641\u0633\u064a\u062d\u0629 \u062a\u062c\u0631\u0628\u0629 \u0625\u0642\u0627\u0645\u0629 \u0645\u062b\u0627\u0644\u064a\u0629 \u0644\u062c\u0645\u064a\u0639 \u0623\u0641\u0631\u0627\u062f \u0627\u0644\u0639\u0627\u0626\u0644\u0629 \u0644\u0644\u0627\u0633\u062a\u0631\u062e\u0627\u0621 \u0648\u0627\u0644\u0627\u0633\u062a\u0645\u062a\u0627\u0639. \u0633\u0648\u0641 \u064a\u0628\u062a\u0639\u062f\u0648\u0646 \u0639\u0646 \u0636\u063a\u0648\u0637 \u0627\u0644\u0645\u062f\u064a\u0646\u0629 \u0641\u064a \u0623\u062d\u0636\u0627\u0646 \u0627\u0644\u0637\u0628\u064a\u0639\u0629 \u0627\u0644\u0647\u0627\u062f\u0626\u0629.<\/p><\/div>\n<\/div>\n\n\n\n<div class=\"wp-block-uagb-container uagb-block-03e145d5\">\n<div class=\"wp-block-uagb-image alignleft uagb-block-f0a2222d wp-block-uagb-image--layout-default wp-block-uagb-image--effect-static wp-block-uagb-image--align-left\"><figure class=\"wp-block-uagb-image__figure\"><img decoding=\"async\" srcset=\"https:\/\/galaxytours.com.tr\/wp-content\/uploads\/2024\/04\/panagia-premier-trabzon_fd6a566b.jpg ,https:\/\/galaxytours.com.tr\/wp-content\/uploads\/2024\/04\/panagia-premier-trabzon_fd6a566b.jpg 780w, https:\/\/galaxytours.com.tr\/wp-content\/uploads\/2024\/04\/panagia-premier-trabzon_fd6a566b.jpg 360w\" sizes=\"(max-width: 480px) 150px\" src=\"https:\/\/galaxytours.com.tr\/wp-content\/uploads\/2024\/04\/panagia-premier-trabzon_fd6a566b.jpg\" alt=\"\" class=\"uag-image-2238\" width=\"560\" height=\"400\" title=\"panagia-premier-trabzon_fd6a566b\" loading=\"lazy\" role=\"img\"\/><\/figure><\/div>\n<\/div>\n<\/div><\/div>\n\n\n\n<div class=\"wp-block-uagb-container uagb-block-06b024ea alignfull uagb-is-root-container\"><div class=\"uagb-container-inner-blocks-wrap\">\n<div class=\"wp-block-uagb-container uagb-block-9eea38a2\">\n<div class=\"wp-block-uagb-advanced-heading uagb-block-9e1f3372\"><h2 class=\"uagb-heading-text\">\u062c\u0646\u0627\u062d \u0641\u062e\u0645<\/h2><\/div>\n\n\n\n<div class=\"wp-block-uagb-icon-list uagb-block-522c2257\"><div class=\"uagb-icon-list__wrap\">\n<div class=\"wp-block-uagb-icon-list-child uagb-block-ba141b4a\"><span class=\"uagb-icon-list__source-wrap\"><svg xmlns=\"https:\/\/www.w3.org\/2000\/svg\" viewbox=\"0 0 448 512\"><path d=\"M224 256c70.7 0 128-57.31 128-128s-57.3-128-128-128C153.3 0 96 57.31 96 128S153.3 256 224 256zM274.7 304H173.3C77.61 304 0 381.6 0 477.3c0 19.14 15.52 34.67 34.66 34.67h378.7C432.5 512 448 496.5 448 477.3C448 381.6 370.4 304 274.7 304z\"><\/path><\/svg><\/span><span class=\"uagb-icon-list__label\">2 \u0645\u0633\u0627\u0641\u0631<\/span><\/div>\n\n\n\n<div class=\"wp-block-uagb-icon-list-child uagb-block-fbcb58f5\"><span class=\"uagb-icon-list__source-wrap\"><svg xmlns=\"https:\/\/www.w3.org\/2000\/svg\" viewbox=\"0 0 640 512\"><path d=\"M176 288C220.1 288 256 252.1 256 208S220.1 128 176 128S96 163.9 96 208S131.9 288 176 288zM544 128H304C295.2 128 288 135.2 288 144V320H64V48C64 39.16 56.84 32 48 32h-32C7.163 32 0 39.16 0 48v416C0 472.8 7.163 480 16 480h32C56.84 480 64 472.8 64 464V416h512v48c0 8.837 7.163 16 16 16h32c8.837 0 16-7.163 16-16V224C640 170.1 597 128 544 128z\"><\/path><\/svg><\/span><span class=\"uagb-icon-list__label\">\u0633\u0631\u064a\u0631 \u0645\u0632\u062f\u0648\u062c<\/span><\/div>\n<\/div><\/div>\n\n\n\n<div class=\"wp-block-uagb-advanced-heading uagb-block-dfef4158\"><p class=\"uagb-heading-text\">\u0641\u064a \u063a\u0631\u0641\u0629 \u062c\u0646\u0627\u062d\u0646\u0627 \u0627\u0644\u0641\u0627\u062e\u0631\u060c \u0633\u062a\u0633\u062a\u0645\u062a\u0639 \u0628\u0623\u0642\u0635\u0649 \u062f\u0631\u062c\u0627\u062a \u0627\u0644\u0631\u0627\u062d\u0629 \u0645\u0639 \u062a\u0641\u0627\u0635\u064a\u0644 \u0627\u0644\u062a\u0635\u0645\u064a\u0645 \u0627\u0644\u062e\u0627\u0635\u0629 \u0648\u062a\u0634\u0639\u0631 \u0628\u0627\u0644\u0627\u0645\u062a\u064a\u0627\u0632. \u0633\u0648\u0641 \u062a\u0628\u062a\u0639\u062f \u0639\u0646 \u0641\u0648\u0636\u0649 \u0627\u0644\u0645\u062f\u064a\u0646\u0629 \u0645\u0639 \u0647\u062f\u0648\u0621 \u0627\u0644\u0637\u0628\u064a\u0639\u0629.<\/p><\/div>\n<\/div>\n\n\n\n<div class=\"wp-block-uagb-container uagb-block-ca121c8b\">\n<div class=\"wp-block-uagb-image alignleft uagb-block-d648c6ea wp-block-uagb-image--layout-default wp-block-uagb-image--effect-static wp-block-uagb-image--align-left\"><figure class=\"wp-block-uagb-image__figure\"><img decoding=\"async\" srcset=\"https:\/\/galaxytours.com.tr\/wp-content\/uploads\/2024\/04\/2892_b.jpg ,https:\/\/galaxytours.com.tr\/wp-content\/uploads\/2024\/04\/2892_b.jpg 780w, https:\/\/galaxytours.com.tr\/wp-content\/uploads\/2024\/04\/2892_b.jpg 360w\" sizes=\"(max-width: 480px) 150px\" src=\"https:\/\/galaxytours.com.tr\/wp-content\/uploads\/2024\/04\/2892_b.jpg\" alt=\"\" class=\"uag-image-2239\" width=\"557\" height=\"400\" title=\"2892_b\" loading=\"lazy\" role=\"img\"\/><\/figure><\/div>\n<\/div>\n<\/div><\/div>\n\n\n\n<div class=\"wp-block-uagb-container uagb-block-975bf1b0 alignfull uagb-is-root-container\"><div class=\"uagb-container-inner-blocks-wrap\">\n<div class=\"wp-block-uagb-container uagb-block-0ae9fe58\">\n<div class=\"wp-block-uagb-advanced-heading uagb-block-2e5874b8\"><h2 class=\"uagb-heading-text\">\u0627\u0644\u0643\u0648\u062e \u0627\u0644\u0645\u0637\u0644 \u0639\u0644\u0649 \u0627\u0644\u0646\u0647\u0631<\/h2><\/div>\n\n\n\n<div class=\"wp-block-uagb-icon-list uagb-block-8a3a407c\"><div class=\"uagb-icon-list__wrap\">\n<div class=\"wp-block-uagb-icon-list-child uagb-block-26f4cbb2\"><span class=\"uagb-icon-list__source-wrap\"><svg xmlns=\"https:\/\/www.w3.org\/2000\/svg\" viewbox=\"0 0 448 512\"><path d=\"M224 256c70.7 0 128-57.31 128-128s-57.3-128-128-128C153.3 0 96 57.31 96 128S153.3 256 224 256zM274.7 304H173.3C77.61 304 0 381.6 0 477.3c0 19.14 15.52 34.67 34.66 34.67h378.7C432.5 512 448 496.5 448 477.3C448 381.6 370.4 304 274.7 304z\"><\/path><\/svg><\/span><span class=\"uagb-icon-list__label\">\u0645\u0646 4 \u0627\u0644\u0649 6 \u0645\u0633\u0627\u0641\u0631\u064a\u0646<\/span><\/div>\n\n\n\n<div class=\"wp-block-uagb-icon-list-child uagb-block-6bf65ba6\"><span class=\"uagb-icon-list__source-wrap\"><svg xmlns=\"https:\/\/www.w3.org\/2000\/svg\" viewbox=\"0 0 640 512\"><path d=\"M176 288C220.1 288 256 252.1 256 208S220.1 128 176 128S96 163.9 96 208S131.9 288 176 288zM544 128H304C295.2 128 288 135.2 288 144V320H64V48C64 39.16 56.84 32 48 32h-32C7.163 32 0 39.16 0 48v416C0 472.8 7.163 480 16 480h32C56.84 480 64 472.8 64 464V416h512v48c0 8.837 7.163 16 16 16h32c8.837 0 16-7.163 16-16V224C640 170.1 597 128 544 128z\"><\/path><\/svg><\/span><span class=\"uagb-icon-list__label\">\u0633\u0631\u064a\u0631\u0627\u0646 \u0645\u0632\u062f\u0648\u062c\u0627\u0646 + \u0633\u0631\u064a\u0631 \u0627\u0631\u064a\u0643\u0629<\/span><\/div>\n<\/div><\/div>\n\n\n\n<div class=\"wp-block-uagb-advanced-heading uagb-block-95690d35\"><p class=\"uagb-heading-text\">\u062a\u0648\u0641\u0631 \u0627\u0643\u0648\u0627\u062e\u0646\u0627 \u0627\u0644\u0645\u0637\u0644\u0629 \u0639\u0644\u0649 \u0627\u0644\u0646\u0647\u0631 \u062e\u064a\u0627\u0631\u064b\u0627 \u0645\u062b\u0627\u0644\u064a\u064b\u0627 \u062d\u064a\u062b \u064a\u0645\u0643\u0646\u0643 \u0627\u0644\u0625\u0642\u0627\u0645\u0629 \u0645\u0639 \u0639\u0627\u0626\u0644\u062a\u0643 \u0641\u064a \u0623\u062c\u0648\u0627\u0621 \u0627\u0644\u0637\u0628\u064a\u0639\u0629 \u0627\u0644\u0647\u0627\u062f\u0626\u0629. \u064a\u0645\u0643\u0646\u0643 \u062a\u062c\u0645\u064a\u0639 \u0630\u0643\u0631\u064a\u0627\u062a \u0644\u0627 \u062a\u064f\u0646\u0633\u0649 \u0639\u0646\u062f\u0645\u0627 \u062a\u0643\u0648\u0646 \u0639\u0644\u0649 \u0627\u062a\u0635\u0627\u0644 \u0628\u0627\u0644\u0637\u0628\u064a\u0639\u0629.<\/p><\/div>\n<\/div>\n\n\n\n<div class=\"wp-block-uagb-container uagb-block-9d54982e\">\n<div class=\"wp-block-uagb-image alignleft uagb-block-29772501 wp-block-uagb-image--layout-default wp-block-uagb-image--effect-static wp-block-uagb-image--align-left\"><figure class=\"wp-block-uagb-image__figure\"><img decoding=\"async\" srcset=\"https:\/\/galaxytours.com.tr\/wp-content\/uploads\/2024\/04\/pexels-photo-21078179.jpeg ,https:\/\/galaxytours.com.tr\/wp-content\/uploads\/2024\/04\/pexels-photo-21078179.jpeg 780w, https:\/\/galaxytours.com.tr\/wp-content\/uploads\/2024\/04\/pexels-photo-21078179.jpeg 360w\" sizes=\"(max-width: 480px) 150px\" src=\"https:\/\/galaxytours.com.tr\/wp-content\/uploads\/2024\/04\/pexels-photo-21078179.jpeg\" alt=\"\" class=\"uag-image-1416\" width=\"560\" height=\"400\" title=\"\" loading=\"lazy\" role=\"img\"\/><\/figure><\/div>\n<\/div>\n<\/div><\/div>\n<\/div><\/div>\n\n\n\n<div class=\"wp-block-uagb-container uagb-block-625fb0d3 alignfull uagb-is-root-container\"><div class=\"uagb-container__video-wrap\"><video autoplay loop muted playsinline><source src=\"https:\/\/galaxytours.com.tr\/wp-content\/uploads\/2024\/04\/Untitled-design.mp4\" type=\"video\/mp4\"\/><\/video><\/div><div class=\"uagb-container-inner-blocks-wrap\">\n<div class=\"wp-block-uagb-info-box uagb-block-bff49d32 uagb-infobox__content-wrap  uagb-infobox-icon-above-title uagb-infobox-image-valign-top\"><div class=\"uagb-ifb-content\"><div class=\"uagb-ifb-title-wrap\"><span class=\"uagb-ifb-title-prefix\">\u0641\u0631\u0635\u0629 \u062e\u0635\u0645 \u062e\u0627\u0635<\/span><h2 class=\"uagb-ifb-title\">\u0627\u0633\u062a\u0641\u062f \u0645\u0646 \u0627\u0644\u062e\u0635\u0648\u0645\u0627\u062a \u0627\u0644\u062e\u0627\u0635\u0629 \u0627\u0644\u0645\u062a\u0648\u0641\u0631\u0629 \u0627\u0644\u0622\u0646 \u0641\u0642\u0637<\/h2><\/div><\/div><\/div>\n\n\n\n<div class=\"wp-block-uagb-container uagb-block-21080981\">\n<div class=\"wp-block-uagb-container uagb-block-9c0f7461\">\n<div class=\"wp-block-uagb-advanced-heading uagb-block-79c63245\"><h2 class=\"uagb-heading-text\">35%<\/h2><\/div>\n<\/div>\n\n\n\n<div class=\"wp-block-uagb-container uagb-block-e29aff40\">\n<div class=\"wp-block-uagb-advanced-heading uagb-block-4135ca9a\"><h3 class=\"uagb-heading-text\">\u0627\u0643\u062a\u0628 \u0639\u0646\u0648\u0627\u0646 \u062e\u0635\u0645 \u0642\u0635\u064a\u0631<\/h3><\/div>\n<\/div>\n<\/div>\n\n\n\n<div class=\"wp-block-uagb-buttons uagb-buttons__outer-wrap uagb-btn__default-btn uagb-btn-tablet__default-btn uagb-btn-mobile__default-btn uagb-block-265aa9c9\"><div class=\"uagb-buttons__wrap uagb-buttons-layout-wrap\">\n<div class=\"wp-block-uagb-buttons-child uagb-buttons__outer-wrap uagb-block-ff102d9c wp-block-button\"><div class=\"uagb-button__wrapper\"><a class=\"uagb-buttons-repeater wp-block-button__link\" aria-label=\"\" href=\"https:\/\/galaxytours.com.tr\/ar\/contact\/\" rel=\"follow noopener\" target=\"_self\"><div class=\"uagb-button__link\">\u0627\u0628\u062f\u0623 \u0641\u064a \u0627\u0644\u0627\u0633\u062a\u0643\u0634\u0627\u0641<\/div><\/a><\/div><\/div>\n<\/div><\/div>\n<\/div><\/div>","protected":false},"excerpt":{"rendered":"<p>Honeymoon Bungalovumuzun do\u011fal manzaras\u0131 sayesinde, huzur dolu bir tatil ge\u00e7irirken \u015fehrin g\u00fcr\u00fclt\u00fcs\u00fcnden ve karma\u015fas\u0131ndan tamamen uzakla\u015facak, kendinizi yeniden ke\u015ffedeceksiniz. Aile [&hellip;]<\/p>","protected":false},"author":1,"featured_media":0,"parent":0,"menu_order":0,"comment_status":"closed","ping_status":"closed","template":"","meta":{"_uag_custom_page_level_css":"","site-sidebar-layout":"default","site-content-layout":"","ast-site-content-layout":"normal-width-container","site-content-style":"default","site-sidebar-style":"default","ast-global-header-display":"","ast-banner-title-visibility":"disabled","ast-main-header-display":"","ast-hfb-above-header-display":"","ast-hfb-below-header-display":"","ast-hfb-mobile-header-display":"","site-post-title":"disabled","ast-breadcrumbs-content":"","ast-featured-img":"","footer-sml-layout":"","theme-transparent-header-meta":"enabled","adv-header-id-meta":"","stick-header-meta":"","header-above-stick-meta":"","header-main-stick-meta":"","header-below-stick-meta":"","astra-migrate-meta-layouts":"default","ast-page-background-enabled":"default","ast-page-background-meta":{"desktop":{"background-color":"var(--ast-global-color-4)","background-image":"","background-repeat":"repeat","background-position":"center center","background-size":"auto","background-attachment":"scroll","background-type":"","background-media":"","overlay-type":"","overlay-color":"","overlay-gradient":""},"tablet":{"background-color":"","background-image":"","background-repeat":"repeat","background-position":"center center","background-size":"auto","background-attachment":"scroll","background-type":"","background-media":"","overlay-type":"","overlay-color":"","overlay-gradient":""},"mobile":{"background-color":"","background-image":"","background-repeat":"repeat","background-position":"center center","background-size":"auto","background-attachment":"scroll","background-type":"","background-media":"","overlay-type":"","overlay-color":"","overlay-gradient":""}},"ast-content-background-meta":{"desktop":{"background-color":"var(--ast-global-color-5)","background-image":"","background-repeat":"repeat","background-position":"center center","background-size":"auto","background-attachment":"scroll","background-type":"","background-media":"","overlay-type":"","overlay-color":"","overlay-gradient":""},"tablet":{"background-color":"var(--ast-global-color-5)","background-image":"","background-repeat":"repeat","background-position":"center center","background-size":"auto","background-attachment":"scroll","background-type":"","background-media":"","overlay-type":"","overlay-color":"","overlay-gradient":""},"mobile":{"background-color":"var(--ast-global-color-5)","background-image":"","background-repeat":"repeat","background-position":"center center","background-size":"auto","background-attachment":"scroll","background-type":"","background-media":"","overlay-type":"","overlay-color":"","overlay-gradient":""}},"footnotes":""},"aioseo_notices":[],"uagb_featured_image_src":{"full":false,"thumbnail":false,"medium":false,"medium_large":false,"large":false,"trip-thumb-size":false,"destination-thumb-size":false,"destination-thumb-trip-size":false,"activities-thumb-size":false,"trip-single-size":false,"1536x1536":false,"2048x2048":false,"trp-custom-language-flag":false},"uagb_author_info":{"display_name":"seymakafagi","author_link":"https:\/\/galaxytours.com.tr\/ar\/author\/seymakafagi\/"},"uagb_comment_info":0,"uagb_excerpt":"Honeymoon Bungalovumuzun do\u011fal manzaras\u0131 sayesinde, huzur dolu bir tatil ge\u00e7irirken \u015fehrin g\u00fcr\u00fclt\u00fcs\u00fcnden ve karma\u015fas\u0131ndan tamamen uzakla\u015facak, kendinizi yeniden ke\u015ffedeceksiniz. Aile [&hellip;]","_links":{"self":[{"href":"https:\/\/galaxytours.com.tr\/ar\/wp-json\/wp\/v2\/pages\/1974"}],"collection":[{"href":"https:\/\/galaxytours.com.tr\/ar\/wp-json\/wp\/v2\/pages"}],"about":[{"href":"https:\/\/galaxytours.com.tr\/ar\/wp-json\/wp\/v2\/types\/page"}],"author":[{"embeddable":true,"href":"https:\/\/galaxytours.com.tr\/ar\/wp-json\/wp\/v2\/users\/1"}],"replies":[{"embeddable":true,"href":"https:\/\/galaxytours.com.tr\/ar\/wp-json\/wp\/v2\/comments?post=1974"}],"version-history":[{"count":4,"href":"https:\/\/galaxytours.com.tr\/ar\/wp-json\/wp\/v2\/pages\/1974\/revisions"}],"predecessor-version":[{"id":2241,"href":"https:\/\/galaxytours.com.tr\/ar\/wp-json\/wp\/v2\/pages\/1974\/revisions\/2241"}],"wp:attachment":[{"href":"https:\/\/galaxytours.com.tr\/ar\/wp-json\/wp\/v2\/media?parent=1974"}],"curies":[{"name":"wp","href":"https:\/\/api.w.org\/{rel}","templated":true}]}}