{"id":1973,"date":"2023-08-22T07:18:37","date_gmt":"2023-08-22T07:18:37","guid":{"rendered":"https:\/\/galaxytours.com.tr\/about\/"},"modified":"2024-04-28T19:02:14","modified_gmt":"2024-04-28T19:02:14","slug":"about","status":"publish","type":"page","link":"https:\/\/galaxytours.com.tr\/ar\/about\/","title":{"rendered":"About"},"content":{"rendered":"<div class=\"wp-block-uagb-container uagb-block-ad39d8c1 alignfull uagb-is-root-container\"><div class=\"uagb-container-inner-blocks-wrap\">\n<div class=\"wp-block-uagb-info-box uagb-block-0eab1ec7 uagb-infobox__content-wrap  uagb-infobox-icon-above-title uagb-infobox-image-valign-top\"><div class=\"uagb-ifb-content\"><div class=\"uagb-ifb-title-wrap\"><span class=\"uagb-ifb-title-prefix\">\u0634\u0631\u0643\u0629 \u0633\u064a\u0627\u062d\u064a\u0629<\/span><h1 class=\"uagb-ifb-title\">\u062a\u062c\u0627\u0631\u0628 \u0627\u0644\u0633\u0641\u0631 \u0645\u0639 \u062c\u0627\u0644\u0627\u0643\u0633\u064a \u062a\u0648\u0631\u0632<\/h1><\/div><div class=\"uagb-ifb-button-wrapper wp-block-button\"><a href=\"https:\/\/galaxytours.com.tr\/ar\/contact\/\" class=\"uagb-infobox-cta-link wp-block-button__link\" target=\"_self\" rel=\"noopener noreferrer\" onclick=\"return true;\" alt=\"\"><span class=\"uagb-inline-editing\">\u0627\u0628\u062f\u0623 \u0641\u064a \u0627\u0644\u0627\u0633\u062a\u0643\u0634\u0627\u0641<\/span><\/a><\/div><\/div><\/div>\n<\/div><\/div>\n\n\n\n<div class=\"wp-block-uagb-container uagb-block-a6495e1e alignfull uagb-is-root-container\"><div class=\"uagb-container-inner-blocks-wrap\">\n<div class=\"wp-block-uagb-info-box uagb-block-cd1cba78 uagb-infobox__content-wrap  uagb-infobox-icon-above-title uagb-infobox-image-valign-top\"><div class=\"uagb-ifb-content\"><div class=\"uagb-ifb-title-wrap\"><span class=\"uagb-ifb-title-prefix\">\u062d\u0633\u0646 \u0627\u0644\u0636\u064a\u0627\u0641\u0629 \u0648\u0627\u0644\u062a\u062c\u0631\u0628\u0629<\/span><h2 class=\"uagb-ifb-title\">\u062c\u0627\u0644\u0627\u0643\u0633\u064a \u062a\u0648\u0631\u0632 \u0647\u064a \u0648\u0643\u0627\u0644\u0629 \u0633\u0641\u0631 \u0631\u0627\u0626\u062f\u0629 \u0645\u062a\u062e\u0635\u0635\u0629 \u0641\u064a \u062e\u0644\u0642 \u062a\u062c\u0627\u0631\u0628 \u0639\u0637\u0644\u0627\u062a \u0644\u0627 \u062a\u0646\u0633\u0649. \u064a\u0642\u0648\u0645 \u0641\u0631\u064a\u0642\u0646\u0627\u060c \u0627\u0644\u0645\u0648\u062c\u0648\u062f \u0641\u064a \u0637\u0631\u0627\u0628\u0632\u0648\u0646\u060c \u062a\u0631\u0643\u064a\u0627\u060c \u0628\u0625\u0646\u0634\u0627\u0621 \u062e\u0637\u0637 \u0633\u0641\u0631 \u0645\u062e\u0635\u0635\u0629 \u0644\u062a\u0646\u0627\u0633\u0628 \u0631\u063a\u0628\u0627\u062a \u0643\u0644 \u0639\u0645\u064a\u0644 \u0648\u0645\u064a\u0632\u0627\u0646\u064a\u062a\u0647. \u0628\u0641\u0636\u0644 \u062e\u062f\u0645\u0629 \u0627\u0644\u0639\u0645\u0644\u0627\u0621 \u0627\u0644\u0627\u0633\u062a\u062b\u0646\u0627\u0626\u064a\u0629 \u0648\u0627\u0644\u0627\u0647\u062a\u0645\u0627\u0645 \u0628\u0627\u0644\u062a\u0641\u0627\u0635\u064a\u0644\u060c \u062a\u0636\u0645\u0646 Galaxy Tours \u062a\u0631\u062a\u064a\u0628\u0627\u062a \u0633\u0641\u0631 \u062e\u0627\u0644\u064a\u0629 \u0645\u0646 \u0627\u0644\u0645\u062a\u0627\u0639\u0628 \u0644\u0644\u0623\u0641\u0631\u0627\u062f \u0648\u0627\u0644\u0639\u0627\u0626\u0644\u0627\u062a \u0627\u0644\u0630\u064a\u0646 \u064a\u0628\u062d\u062b\u0648\u0646 \u0639\u0646 \u0627\u0644\u0645\u063a\u0627\u0645\u0631\u0629 \u0648\u0627\u0644\u0627\u0633\u062a\u0631\u062e\u0627\u0621 \u0641\u064a \u0648\u062c\u0647\u0627\u062a \u062d\u0648\u0644 \u0627\u0644\u0639\u0627\u0644\u0645. \u0644\u0642\u062f \u0643\u0627\u0646\u062a Galaxy Tours \u0627\u0633\u0645\u064b\u0627 \u0645\u0648\u062b\u0648\u0642\u064b\u0627 \u0628\u0647 \u0641\u064a \u0635\u0646\u0627\u0639\u0629 \u0627\u0644\u0633\u0641\u0631\u060c \u062d\u064a\u062b \u062a\u0633\u0627\u0639\u062f \u0627\u0644\u0639\u0645\u0644\u0627\u0621 \u0639\u0644\u0649 \u0642\u0636\u0627\u0621 \u0625\u062c\u0627\u0632\u0627\u062a \u0623\u062d\u0644\u0627\u0645\u0647\u0645 \u0628\u0643\u0644 \u0633\u0647\u0648\u0644\u0629 \u0648\u0631\u0627\u062d\u0629 \u0628\u0627\u0644.<\/h2><\/div><\/div><\/div>\n<\/div><\/div>\n\n\n\n<div class=\"wp-block-uagb-container uagb-block-79863db8 alignfull uagb-is-root-container\"><div class=\"uagb-container-inner-blocks-wrap\">\n<div class=\"wp-block-uagb-image alignleft uagb-block-11c10002 wp-block-uagb-image--layout-default wp-block-uagb-image--effect-static wp-block-uagb-image--align-left\"><figure class=\"wp-block-uagb-image__figure\"><img decoding=\"async\" srcset=\"https:\/\/galaxytours.com.tr\/wp-content\/uploads\/2024\/04\/pexels-photo-14068761.jpeg \" sizes=\"(max-width: 480px) 150px\" src=\"https:\/\/galaxytours.com.tr\/wp-content\/uploads\/2024\/04\/pexels-photo-14068761.jpeg\" alt=\"\" class=\"uag-image-1419\" width=\"560\" height=\"400\" title=\"\" loading=\"lazy\" role=\"img\"\/><\/figure><\/div>\n\n\n\n<div class=\"wp-block-uagb-info-box uagb-block-2b4992c7 uagb-infobox__content-wrap  uagb-infobox-icon-above-title uagb-infobox-image-valign-top\"><div class=\"uagb-ifb-content\"><div class=\"uagb-ifb-title-wrap\"><h3 class=\"uagb-ifb-title\">\u062a\u062e\u062f\u0645 Galaxy Tours \u0645\u062c\u0645\u0648\u0639\u0629 \u0648\u0627\u0633\u0639\u0629 \u0645\u0646 \u0627\u0644\u0639\u0645\u0644\u0627\u0621. \u0648\u062a\u0642\u062f\u0645 \u062e\u062f\u0645\u0627\u062a \u0633\u0641\u0631 \u0645\u062a\u062e\u0635\u0635\u0629 \u0644\u0645\u062c\u0645\u0648\u0639\u0629 \u0645\u062a\u0646\u0648\u0639\u0629 \u0645\u0646 \u0645\u062c\u0645\u0648\u0639\u0627\u062a \u0627\u0644\u0639\u0645\u0644\u0627\u0621\u060c \u0628\u0645\u0627 \u0641\u064a \u0630\u0644\u0643 \u0627\u0644\u0645\u0633\u0627\u0641\u0631\u064a\u0646 \u0627\u0644\u0623\u0641\u0631\u0627\u062f \u0648\u0627\u0644\u0639\u0627\u0626\u0644\u0627\u062a \u0648\u0645\u062c\u0645\u0648\u0639\u0627\u062a \u0627\u0644\u0623\u0639\u0645\u0627\u0644.<\/h3><\/div><p class=\"uagb-ifb-desc\">\u064a\u062a\u0643\u0648\u0646 \u0641\u0631\u064a\u0642 Galaxy Tours \u0645\u0646 \u0645\u062d\u062a\u0631\u0641\u064a\u0646 \u0630\u0648\u064a \u062e\u0628\u0631\u0629 \u0648\u0634\u063a\u0641 \u0641\u064a \u0635\u0646\u0627\u0639\u0629 \u0627\u0644\u0633\u0641\u0631. \u0644\u0642\u062f \u0623\u062b\u0628\u062a\u062a \u0634\u0631\u0643\u062a\u0646\u0627 \u0646\u062c\u0627\u062d\u0647\u0627 \u0641\u064a \u0647\u0630\u0627 \u0627\u0644\u0642\u0637\u0627\u0639 \u0645\u0646 \u062e\u0644\u0627\u0644 \u0627\u0644\u062c\u0648\u0627\u0626\u0632 \u0627\u0644\u062a\u064a \u0641\u0627\u0632\u062a \u0628\u0647\u0627.<\/p><\/div><\/div>\n<\/div><\/div>\n\n\n\n<div class=\"wp-block-uagb-container uagb-block-421a423e alignfull uagb-is-root-container\"><div class=\"uagb-container-inner-blocks-wrap\">\n<div class=\"wp-block-uagb-info-box uagb-block-ebadaf87 uagb-infobox__content-wrap  uagb-infobox-icon-above-title uagb-infobox-image-valign-top\"><div class=\"uagb-ifb-content\"><div class=\"uagb-ifb-title-wrap\"><span class=\"uagb-ifb-title-prefix\">\u0627\u0644\u062a\u0627\u0631\u064a\u062e \u0627\u0644\u0639\u0645\u064a\u0642<\/span><h2 class=\"uagb-ifb-title\">\u0627\u0644\u062a\u0627\u0631\u064a\u062e \u0648\u0627\u0644\u062a\u0631\u0627\u062b \u0627\u0644\u063a\u0646\u064a \u0644\u0634\u0631\u0643\u0629 Galaxy Tours<\/h2><\/div><\/div><\/div>\n\n\n\n<div class=\"wp-block-uagb-container uagb-block-c8b3938c\">\n<div class=\"wp-block-uagb-container uagb-block-adb87d31\">\n<div class=\"wp-block-uagb-image alignleft uagb-block-f1a57d28 wp-block-uagb-image--layout-default wp-block-uagb-image--effect-static wp-block-uagb-image--align-left\"><figure class=\"wp-block-uagb-image__figure\"><img decoding=\"async\" srcset=\"https:\/\/galaxytours.com.tr\/wp-content\/uploads\/2024\/04\/pexels-photo-19892476.jpeg ,https:\/\/hotel-bnb-2.ziptemplates.top\/wp-content\/uploads\/2023\/08\/about-vision-300x150.jpg 780w, https:\/\/hotel-bnb-2.ziptemplates.top\/wp-content\/uploads\/2023\/08\/about-vision-300x150.jpg 360w\" sizes=\"(max-width: 480px) 150px\" src=\"https:\/\/galaxytours.com.tr\/wp-content\/uploads\/2024\/04\/pexels-photo-19892476.jpeg\" alt=\"\" class=\"uag-image-1420\" width=\"600\" height=\"400\" title=\"\" loading=\"lazy\" role=\"img\"\/><\/figure><\/div>\n<\/div>\n\n\n\n<div class=\"wp-block-uagb-container uagb-block-6ed12ee3\">\n<div class=\"wp-block-uagb-advanced-heading uagb-block-d8d3a403\"><h3 class=\"uagb-heading-text\">\u062a\u0631\u0627\u062b \u0627\u0644\u0634\u0631\u0643\u0629<\/h3><p class=\"uagb-desc-text\">\u0644\u0642\u062f \u062e\u0644\u0642\u062a Galaxy Tours \u0625\u0631\u062b\u064b\u0627 \u062f\u0627\u0626\u0645\u064b\u0627 \u0628\u0639\u0644\u0627\u0645\u062a\u0647\u0627 \u0648\u0631\u0636\u0627 \u0627\u0644\u0639\u0645\u0644\u0627\u0621 \u0641\u064a \u0635\u0646\u0627\u0639\u0629 \u0627\u0644\u0633\u0641\u0631. \u0648\u0647\u064a \u062a\u0628\u0631\u0632 \u0641\u064a \u0647\u0630\u0627 \u0627\u0644\u0642\u0637\u0627\u0639 \u0628\u0646\u062c\u0627\u062d\u0627\u062a\u0647\u0627 \u0645\u0646 \u0627\u0644\u0645\u0627\u0636\u064a \u0625\u0644\u0649 \u0627\u0644\u062d\u0627\u0636\u0631.<\/p><\/div>\n\n\n\n<div class=\"wp-block-uagb-advanced-heading uagb-block-d6715c24\"><p class=\"uagb-desc-text\">\u062a\u062a\u0645\u062b\u0644 \u0631\u0624\u064a\u0629 Galaxy Tours \u0641\u064a \u062a\u0642\u062f\u064a\u0645 \u0623\u0641\u0636\u0644 \u062a\u062c\u0627\u0631\u0628 \u0627\u0644\u0633\u0641\u0631 \u0644\u0639\u0645\u0644\u0627\u0626\u0647\u0627 \u0648\u062c\u0639\u0644 \u0643\u0644 \u0645\u0633\u0627\u0641\u0631 \u064a\u0634\u0639\u0631 \u0628\u0627\u0644\u062a\u0645\u064a\u0632. \u0647\u062f\u0641\u0647\u0627 \u0627\u0644\u062a\u0637\u0644\u0639\u064a \u0647\u0648 \u0627\u0644\u062d\u0641\u0627\u0638 \u0639\u0644\u0649 \u0646\u0647\u062c \u062c\u0648\u062f\u0629 \u0627\u0644\u062e\u062f\u0645\u0629 \u0645\u0646 \u062e\u0644\u0627\u0644 \u0627\u0644\u062d\u0641\u0627\u0638 \u0639\u0644\u0649 \u0645\u0643\u0627\u0646\u062a\u0647\u0627 \u0627\u0644\u0631\u0627\u0626\u062f\u0629 \u0641\u064a \u0647\u0630\u0627 \u0627\u0644\u0642\u0637\u0627\u0639.<\/p><\/div>\n<\/div>\n<\/div>\n<\/div><\/div>\n\n\n\n<div class=\"wp-block-uagb-container uagb-block-625fb0d3 alignfull uagb-is-root-container\"><div class=\"uagb-container__video-wrap\"><video autoplay loop muted playsinline><source src=\"https:\/\/galaxytours.com.tr\/wp-content\/uploads\/2024\/04\/Untitled-design.mp4\" type=\"video\/mp4\"\/><\/video><\/div><div class=\"uagb-container-inner-blocks-wrap\">\n<div class=\"wp-block-uagb-info-box uagb-block-bff49d32 uagb-infobox__content-wrap  uagb-infobox-icon-above-title uagb-infobox-image-valign-top\"><div class=\"uagb-ifb-content\"><div class=\"uagb-ifb-title-wrap\"><span class=\"uagb-ifb-title-prefix\">\u0641\u0631\u0635\u0629 \u062e\u0635\u0645 \u062e\u0627\u0635<\/span><h2 class=\"uagb-ifb-title\">\u0627\u0633\u062a\u0641\u062f \u0645\u0646 \u0627\u0644\u062e\u0635\u0648\u0645\u0627\u062a \u0627\u0644\u062e\u0627\u0635\u0629 \u0627\u0644\u0645\u062a\u0648\u0641\u0631\u0629 \u0627\u0644\u0622\u0646 \u0641\u0642\u0637<\/h2><\/div><\/div><\/div>\n\n\n\n<div class=\"wp-block-uagb-container uagb-block-21080981\">\n<div class=\"wp-block-uagb-container uagb-block-9c0f7461\">\n<div class=\"wp-block-uagb-advanced-heading uagb-block-79c63245\"><h2 class=\"uagb-heading-text\">35%<\/h2><\/div>\n<\/div>\n\n\n\n<div class=\"wp-block-uagb-container uagb-block-e29aff40\">\n<div class=\"wp-block-uagb-advanced-heading uagb-block-4135ca9a\"><h3 class=\"uagb-heading-text\">\u0627\u0643\u062a\u0628 \u0639\u0646\u0648\u0627\u0646 \u062e\u0635\u0645 \u0642\u0635\u064a\u0631<\/h3><\/div>\n<\/div>\n<\/div>\n\n\n\n<div class=\"wp-block-uagb-buttons uagb-buttons__outer-wrap uagb-btn__default-btn uagb-btn-tablet__default-btn uagb-btn-mobile__default-btn uagb-block-265aa9c9\"><div class=\"uagb-buttons__wrap uagb-buttons-layout-wrap\">\n<div class=\"wp-block-uagb-buttons-child uagb-buttons__outer-wrap uagb-block-ff102d9c wp-block-button\"><div class=\"uagb-button__wrapper\"><a class=\"uagb-buttons-repeater wp-block-button__link\" aria-label=\"\" href=\"https:\/\/galaxytours.com.tr\/ar\/contact\/\" rel=\"follow noopener\" target=\"_self\"><div class=\"uagb-button__link\">\u0627\u0628\u062f\u0623 \u0641\u064a \u0627\u0644\u0627\u0633\u062a\u0643\u0634\u0627\u0641<\/div><\/a><\/div><\/div>\n<\/div><\/div>\n<\/div><\/div>","protected":false},"excerpt":{"rendered":"<p>\u015eirket Miras\u0131 Galaxy Tours, seyahat sekt\u00f6r\u00fcnde b\u0131rakt\u0131\u011f\u0131 iz ve m\u00fc\u015fteri memnuniyetiyle kal\u0131c\u0131 bir miras olu\u015fturmu\u015ftur. Ge\u00e7mi\u015ften bug\u00fcne ta\u015f\u0131d\u0131\u011f\u0131 ba\u015far\u0131larla sekt\u00f6rde [&hellip;]<\/p>","protected":false},"author":1,"featured_media":0,"parent":0,"menu_order":0,"comment_status":"closed","ping_status":"closed","template":"","meta":{"_uag_custom_page_level_css":"","site-sidebar-layout":"default","site-content-layout":"","ast-site-content-layout":"normal-width-container","site-content-style":"default","site-sidebar-style":"default","ast-global-header-display":"","ast-banner-title-visibility":"disabled","ast-main-header-display":"","ast-hfb-above-header-display":"","ast-hfb-below-header-display":"","ast-hfb-mobile-header-display":"","site-post-title":"disabled","ast-breadcrumbs-content":"","ast-featured-img":"","footer-sml-layout":"","theme-transparent-header-meta":"enabled","adv-header-id-meta":"","stick-header-meta":"","header-above-stick-meta":"","header-main-stick-meta":"","header-below-stick-meta":"","astra-migrate-meta-layouts":"default","ast-page-background-enabled":"default","ast-page-background-meta":{"desktop":{"background-color":"var(--ast-global-color-4)","background-image":"","background-repeat":"repeat","background-position":"center center","background-size":"auto","background-attachment":"scroll","background-type":"","background-media":"","overlay-type":"","overlay-color":"","overlay-gradient":""},"tablet":{"background-color":"","background-image":"","background-repeat":"repeat","background-position":"center center","background-size":"auto","background-attachment":"scroll","background-type":"","background-media":"","overlay-type":"","overlay-color":"","overlay-gradient":""},"mobile":{"background-color":"","background-image":"","background-repeat":"repeat","background-position":"center center","background-size":"auto","background-attachment":"scroll","background-type":"","background-media":"","overlay-type":"","overlay-color":"","overlay-gradient":""}},"ast-content-background-meta":{"desktop":{"background-color":"var(--ast-global-color-5)","background-image":"","background-repeat":"repeat","background-position":"center center","background-size":"auto","background-attachment":"scroll","background-type":"","background-media":"","overlay-type":"","overlay-color":"","overlay-gradient":""},"tablet":{"background-color":"var(--ast-global-color-5)","background-image":"","background-repeat":"repeat","background-position":"center center","background-size":"auto","background-attachment":"scroll","background-type":"","background-media":"","overlay-type":"","overlay-color":"","overlay-gradient":""},"mobile":{"background-color":"var(--ast-global-color-5)","background-image":"","background-repeat":"repeat","background-position":"center center","background-size":"auto","background-attachment":"scroll","background-type":"","background-media":"","overlay-type":"","overlay-color":"","overlay-gradient":""}},"footnotes":""},"aioseo_notices":[],"uagb_featured_image_src":{"full":false,"thumbnail":false,"medium":false,"medium_large":false,"large":false,"trip-thumb-size":false,"destination-thumb-size":false,"destination-thumb-trip-size":false,"activities-thumb-size":false,"trip-single-size":false,"1536x1536":false,"2048x2048":false,"trp-custom-language-flag":false},"uagb_author_info":{"display_name":"seymakafagi","author_link":"https:\/\/galaxytours.com.tr\/ar\/author\/seymakafagi\/"},"uagb_comment_info":0,"uagb_excerpt":"\u015eirket Miras\u0131 Galaxy Tours, seyahat sekt\u00f6r\u00fcnde b\u0131rakt\u0131\u011f\u0131 iz ve m\u00fc\u015fteri memnuniyetiyle kal\u0131c\u0131 bir miras olu\u015fturmu\u015ftur. Ge\u00e7mi\u015ften bug\u00fcne ta\u015f\u0131d\u0131\u011f\u0131 ba\u015far\u0131larla sekt\u00f6rde [&hellip;]","_links":{"self":[{"href":"https:\/\/galaxytours.com.tr\/ar\/wp-json\/wp\/v2\/pages\/1973"}],"collection":[{"href":"https:\/\/galaxytours.com.tr\/ar\/wp-json\/wp\/v2\/pages"}],"about":[{"href":"https:\/\/galaxytours.com.tr\/ar\/wp-json\/wp\/v2\/types\/page"}],"author":[{"embeddable":true,"href":"https:\/\/galaxytours.com.tr\/ar\/wp-json\/wp\/v2\/users\/1"}],"replies":[{"embeddable":true,"href":"https:\/\/galaxytours.com.tr\/ar\/wp-json\/wp\/v2\/comments?post=1973"}],"version-history":[{"count":2,"href":"https:\/\/galaxytours.com.tr\/ar\/wp-json\/wp\/v2\/pages\/1973\/revisions"}],"predecessor-version":[{"id":2225,"href":"https:\/\/galaxytours.com.tr\/ar\/wp-json\/wp\/v2\/pages\/1973\/revisions\/2225"}],"wp:attachment":[{"href":"https:\/\/galaxytours.com.tr\/ar\/wp-json\/wp\/v2\/media?parent=1973"}],"curies":[{"name":"wp","href":"https:\/\/api.w.org\/{rel}","templated":true}]}}